{"id":7301,"date":"2025-04-16T00:01:24","date_gmt":"2025-04-16T00:01:24","guid":{"rendered":"https:\/\/beernation.gt\/?post_type=product&#038;p=7301"},"modified":"2026-04-24T21:03:51","modified_gmt":"2026-04-24T21:03:51","slug":"session-ipa","status":"publish","type":"product","link":"https:\/\/beernation.gt\/en\/product\/session-ipa\/","title":{"rendered":"Session IPA"},"content":{"rendered":"","protected":false},"excerpt":{"rendered":"<p data-pm-slice=\"1 1 []\"><strong>355ml \/ 35cl<br \/>\n<\/strong>ABV: 4.1 \/ IBU: 32.8<br \/>\nEstilo: IPA<br \/>\nCervecer\u00eda: Inmoral Brewing Co.<br \/>\nOrigen: Guatemala<\/p>\n<p><strong>Appearance: <\/strong>Dorado claro, brillante, con espuma blanca y persistente y de buena retenci\u00f3n.<\/p>\n<p data-pm-slice=\"1 1 []\"><strong>Aroma: <\/strong>Destacan la notas c\u00edtricas y tropicales como maracuy\u00e1, mango y toronja provenientes de los l\u00fapulos Mosaic y Citra.<\/p>\n<p data-pm-slice=\"1 1 []\"><strong>Taste Profile: <\/strong>En boca es ligera pero con car\u00e1cter, con un amargor balanceado que no abruma. Los sabores frutales del dry hop se mezclan bien con el leve dulzor de la malta Pale y el soporte del trigo. La carbonataci\u00f3n es media-alta lo que la hace muy refrescante. Final seco y limpio que invita a otro trago.<\/p>\n<p data-pm-slice=\"1 1 []\"><strong>Perfect Pairings: <\/strong>Idean con platos ligeros como ensaladas de hierbas y c\u00edtricos, hamburguesas, pescado blanco a la plancha o al ajillo, camarones empanizados, alitas buffalo.<\/p>","protected":false},"featured_media":7302,"comment_status":"open","ping_status":"closed","template":"","meta":{"_eb_attr":""},"product_brand":[],"product_cat":[33,184,63],"product_tag":[241],"class_list":{"0":"post-7301","1":"product","2":"type-product","3":"status-publish","4":"has-post-thumbnail","6":"product_cat-cervezas-guatemaltecas","7":"product_cat-inmoral-brewing-co","8":"product_cat-cervezas-ipa","9":"product_tag-session-ipa","10":"pa_cervecerias-inmoral-brewing-co","11":"pa_filtroestilos-filtroestilo-ipa","12":"pa_filtroorigen-filtroorigen-guatemala","14":"first","15":"instock","16":"featured","17":"shipping-taxable","18":"purchasable","19":"product-type-simple"},"jetpack_sharing_enabled":true,"_links":{"self":[{"href":"https:\/\/beernation.gt\/en\/wp-json\/wp\/v2\/product\/7301","targetHints":{"allow":["GET"]}}],"collection":[{"href":"https:\/\/beernation.gt\/en\/wp-json\/wp\/v2\/product"}],"about":[{"href":"https:\/\/beernation.gt\/en\/wp-json\/wp\/v2\/types\/product"}],"replies":[{"embeddable":true,"href":"https:\/\/beernation.gt\/en\/wp-json\/wp\/v2\/comments?post=7301"}],"wp:featuredmedia":[{"embeddable":true,"href":"https:\/\/beernation.gt\/en\/wp-json\/wp\/v2\/media\/7302"}],"wp:attachment":[{"href":"https:\/\/beernation.gt\/en\/wp-json\/wp\/v2\/media?parent=7301"}],"wp:term":[{"taxonomy":"product_brand","embeddable":true,"href":"https:\/\/beernation.gt\/en\/wp-json\/wp\/v2\/product_brand?post=7301"},{"taxonomy":"product_cat","embeddable":true,"href":"https:\/\/beernation.gt\/en\/wp-json\/wp\/v2\/product_cat?post=7301"},{"taxonomy":"product_tag","embeddable":true,"href":"https:\/\/beernation.gt\/en\/wp-json\/wp\/v2\/product_tag?post=7301"}],"curies":[{"name":"wp","href":"https:\/\/api.w.org\/{rel}","templated":true}]}}