{"id":7567,"date":"2025-05-22T03:10:32","date_gmt":"2025-05-22T03:10:32","guid":{"rendered":"https:\/\/beernation.gt\/?post_type=product&#038;p=7567"},"modified":"2026-04-18T04:13:01","modified_gmt":"2026-04-18T04:13:01","slug":"blond","status":"publish","type":"product","link":"https:\/\/beernation.gt\/en\/product\/blond\/","title":{"rendered":"Blond"},"content":{"rendered":"","protected":false},"excerpt":{"rendered":"<p data-pm-slice=\"1 1 []\"><strong>330ml \/ 33cl<br \/>\n<\/strong>ABV: 6 \/ IBU:23<br \/>\nEstilo: Belgian Blond Ale<br \/>\nCervecer\u00eda: Brugse Zot<br \/>\nOrigin: Belgium<\/p>\n<p><strong>Appearance: <\/strong>Presenta un color dorado brillante con una espuma blanca, densa y persistente. Puede ser ligeramente turbia debido a la re-fermentaci\u00f3n en botella.<\/p>\n<p data-pm-slice=\"1 1 []\"><strong>Aroma: <\/strong>Aromas frescos y afrutados, con notas c\u00edtricas (lim\u00f3n, toronja) y toques florales. Tambi\u00e9n se pueden percibir sutiles notas especiadas y un ligero dulzor maltoso.<\/p>\n<p data-pm-slice=\"1 1 []\"><strong>Taste Profile: <\/strong>Cerveza equilibrada y refrescante. Inicialmente se percibe un dulzor maltoso que da paso a un amargor moderado pero presente, proveniente de los l\u00fapulos arom\u00e1ticos. Se aprecian sabores frutales que recuerdan a manzana y pera, junto con un ligero toque especiado. El final es seco y ligeramente amargo.<\/p>\n<p data-pm-slice=\"1 1 []\"><strong>Perfect Pairings: <\/strong>Con su equilibrio y frescura, marida bien con mejillones, pescado blanco a la parrilla, camarones. Carnes blancas como pollo o pavo asado o a la parrilla. Ensaladas frescas con aderezos c\u00edtricos, quesos suaves como mozzarella y postres con frutas rojas.<\/p>","protected":false},"featured_media":7574,"comment_status":"open","ping_status":"closed","template":"","meta":{"_eb_attr":""},"product_brand":[],"product_cat":[70,205,32,213,211],"product_tag":[],"class_list":{"0":"post-7567","1":"product","2":"type-product","3":"status-publish","4":"has-post-thumbnail","6":"product_cat-cervezas-belgian-ale","7":"product_cat-belgian-blond-ale","8":"product_cat-cervezas-belgas","9":"product_cat-brugse-zot","10":"product_cat-recomendacion-beernation","11":"pa_cervecerias-brugse-zot","12":"pa_filtroestilos-filtroestilo-belgian-ale","13":"pa_filtroorigen-filtroorigen-belgica","15":"first","16":"instock","17":"featured","18":"shipping-taxable","19":"purchasable","20":"product-type-simple"},"jetpack_sharing_enabled":true,"_links":{"self":[{"href":"https:\/\/beernation.gt\/en\/wp-json\/wp\/v2\/product\/7567","targetHints":{"allow":["GET"]}}],"collection":[{"href":"https:\/\/beernation.gt\/en\/wp-json\/wp\/v2\/product"}],"about":[{"href":"https:\/\/beernation.gt\/en\/wp-json\/wp\/v2\/types\/product"}],"replies":[{"embeddable":true,"href":"https:\/\/beernation.gt\/en\/wp-json\/wp\/v2\/comments?post=7567"}],"wp:featuredmedia":[{"embeddable":true,"href":"https:\/\/beernation.gt\/en\/wp-json\/wp\/v2\/media\/7574"}],"wp:attachment":[{"href":"https:\/\/beernation.gt\/en\/wp-json\/wp\/v2\/media?parent=7567"}],"wp:term":[{"taxonomy":"product_brand","embeddable":true,"href":"https:\/\/beernation.gt\/en\/wp-json\/wp\/v2\/product_brand?post=7567"},{"taxonomy":"product_cat","embeddable":true,"href":"https:\/\/beernation.gt\/en\/wp-json\/wp\/v2\/product_cat?post=7567"},{"taxonomy":"product_tag","embeddable":true,"href":"https:\/\/beernation.gt\/en\/wp-json\/wp\/v2\/product_tag?post=7567"}],"curies":[{"name":"wp","href":"https:\/\/api.w.org\/{rel}","templated":true}]}}