{"id":7569,"date":"2025-05-22T03:10:36","date_gmt":"2025-05-22T03:10:36","guid":{"rendered":"https:\/\/beernation.gt\/?post_type=product&#038;p=7569"},"modified":"2026-04-13T15:36:21","modified_gmt":"2026-04-13T15:36:21","slug":"straffe-tripel","status":"publish","type":"product","link":"https:\/\/beernation.gt\/en\/product\/straffe-tripel\/","title":{"rendered":"Straffe &#8211; Tripel"},"content":{"rendered":"","protected":false},"excerpt":{"rendered":"<p data-pm-slice=\"1 1 []\"><strong>330ml \/ 33cl<br \/>\n<\/strong>ABV: 9 \/ IBU:35<br \/>\nEstilo: Tripel<br \/>\nCervecer\u00eda: Straffe Hendrik<br \/>\nOrigin: Belgium<\/p>\n<p><strong>Appearance: <\/strong>De color dorado brillante con una densa espuma blanca y esponjosa.<\/p>\n<p data-pm-slice=\"1 1 []\"><strong>Aroma: <\/strong>Especiado, con notas de pimienta negra, cilantro y jengibre con leves toques a naranja y banano.<\/p>\n<p data-pm-slice=\"1 1 []\"><strong>Taste Profile: <\/strong>Comienza con una nota de caramelo, cambiando pronto hacia un leve amargor. Al final se descubre una sutil nota a pl\u00e1tano en combinaci\u00f3n de c\u00edtricos. Final medio a largo que invita al siguiente sorbo.<\/p>\n<p data-pm-slice=\"1 1 []\"><strong>Perfect Pairings: <\/strong>Sus notas especiadas y dulces la hacen ideal para acompa\u00f1ar mariscos como mejillones y\/o ostras, platos picantes, quesos suaves tales como brie o camembert.<\/p>","protected":false},"featured_media":7572,"comment_status":"open","ping_status":"closed","template":"","meta":{"_eb_attr":""},"product_brand":[],"product_cat":[70,32,225,211,217],"product_tag":[273],"class_list":{"0":"post-7569","1":"product","2":"type-product","3":"status-publish","4":"has-post-thumbnail","6":"product_cat-cervezas-belgian-ale","7":"product_cat-cervezas-belgas","8":"product_cat-cervezas-para-la-lluvia","9":"product_cat-recomendacion-beernation","10":"product_cat-straffe-hendrik","11":"product_tag-belgian-tripel","12":"pa_cervecerias-straffe-hendrik","13":"pa_filtroestilos-filtroestilo-belgian-ale","14":"pa_filtroorigen-filtroorigen-belgica","16":"first","17":"instock","18":"featured","19":"shipping-taxable","20":"purchasable","21":"product-type-simple"},"jetpack_sharing_enabled":true,"_links":{"self":[{"href":"https:\/\/beernation.gt\/en\/wp-json\/wp\/v2\/product\/7569","targetHints":{"allow":["GET"]}}],"collection":[{"href":"https:\/\/beernation.gt\/en\/wp-json\/wp\/v2\/product"}],"about":[{"href":"https:\/\/beernation.gt\/en\/wp-json\/wp\/v2\/types\/product"}],"replies":[{"embeddable":true,"href":"https:\/\/beernation.gt\/en\/wp-json\/wp\/v2\/comments?post=7569"}],"wp:featuredmedia":[{"embeddable":true,"href":"https:\/\/beernation.gt\/en\/wp-json\/wp\/v2\/media\/7572"}],"wp:attachment":[{"href":"https:\/\/beernation.gt\/en\/wp-json\/wp\/v2\/media?parent=7569"}],"wp:term":[{"taxonomy":"product_brand","embeddable":true,"href":"https:\/\/beernation.gt\/en\/wp-json\/wp\/v2\/product_brand?post=7569"},{"taxonomy":"product_cat","embeddable":true,"href":"https:\/\/beernation.gt\/en\/wp-json\/wp\/v2\/product_cat?post=7569"},{"taxonomy":"product_tag","embeddable":true,"href":"https:\/\/beernation.gt\/en\/wp-json\/wp\/v2\/product_tag?post=7569"}],"curies":[{"name":"wp","href":"https:\/\/api.w.org\/{rel}","templated":true}]}}