{"id":7977,"date":"2025-06-23T20:30:18","date_gmt":"2025-06-23T20:30:18","guid":{"rendered":"https:\/\/beernation.gt\/?post_type=product&#038;p=7977"},"modified":"2026-01-24T21:06:32","modified_gmt":"2026-01-24T21:06:32","slug":"pacific-magic","status":"publish","type":"product","link":"https:\/\/beernation.gt\/en\/product\/pacific-magic\/","title":{"rendered":"Pacific Magic"},"content":{"rendered":"","protected":false},"excerpt":{"rendered":"<p data-pm-slice=\"1 1 []\"><strong>355ml \/ 12fl oz<\/strong><\/p>\n<p data-pm-slice=\"1 1 []\">ABV: 6.8 \/ IBU: 58<\/p>\n<p>Estilo: IPA<\/p>\n<p>Cervecer\u00eda: North Coast<\/p>\n<p>Origen: Estados Unidos<\/p>\n<p><strong>Appearance: <\/strong>Dorado claro a pajizo, cristalina o con una ligera turbidez.<\/p>\n<p data-pm-slice=\"1 1 []\"><strong>Aroma: <\/strong>Muy arom\u00e1tica debido a las generosas dosis de l\u00fapulo, especialmente dry-hopping. Dominan las notas de frutas tropicales como mango, papaya y pi\u00f1a. Tambi\u00e9n se perciben aromas c\u00edtricos como c\u00edtricos y c\u00e1scara de toronja, toques de pino y especias picantes.<\/p>\n<p data-pm-slice=\"1 1 []\"><strong>Taste Profile: <\/strong>Refleja el perfil arom\u00e1tico, con un estallido de c\u00edtricos y toronja. Notas de frutas tropicales y bayas tambi\u00e9n son evidentes.  Un toque de resina de pino equilibrado con un ligero dulzor de malta similar a galletas. Finaliza con una cantidad perfecta de amargor, que es moderado a alto, pero bien integrado.<\/p>\n<p data-pm-slice=\"1 1 []\"><strong>Perfect Pairings: <\/strong>Cocina India: Curries (especialmente los m\u00e1s arom\u00e1ticos y no excesivamente cremosos), platos con comino y cilantro, samosas. Cocina Tailandesa\/asi\u00e1tica: Pad Thai, curry tailand\u00e9s (rojo o verde, con moderado picor), rollitos primavera. Comida Mexicana: Tacos al pastor, tacos de carnitas, cochinita pibil, ceviches (especialmente con toques c\u00edtricos y picantes). El cilantro y el lim\u00f3n en estos platos combinan muy bien con el perfil de la cerveza.<\/p>","protected":false},"featured_media":7978,"comment_status":"open","ping_status":"closed","template":"","meta":{"_eb_attr":""},"product_brand":[],"product_cat":[41,63,210,211],"product_tag":[240],"class_list":{"0":"post-7977","1":"product","2":"type-product","3":"status-publish","4":"has-post-thumbnail","6":"product_cat-cervezas-estadounidenses","7":"product_cat-cervezas-ipa","8":"product_cat-north-coast","9":"product_cat-recomendacion-beernation","10":"product_tag-west-coast-ipa","11":"pa_cervecerias-straffe-hendrik","12":"pa_filtroestilos-filtroestilo-belgian-ale","13":"pa_filtroorigen-filtroorigen-belgica","15":"first","16":"instock","17":"featured","18":"shipping-taxable","19":"purchasable","20":"product-type-simple"},"jetpack_sharing_enabled":true,"_links":{"self":[{"href":"https:\/\/beernation.gt\/en\/wp-json\/wp\/v2\/product\/7977","targetHints":{"allow":["GET"]}}],"collection":[{"href":"https:\/\/beernation.gt\/en\/wp-json\/wp\/v2\/product"}],"about":[{"href":"https:\/\/beernation.gt\/en\/wp-json\/wp\/v2\/types\/product"}],"replies":[{"embeddable":true,"href":"https:\/\/beernation.gt\/en\/wp-json\/wp\/v2\/comments?post=7977"}],"wp:featuredmedia":[{"embeddable":true,"href":"https:\/\/beernation.gt\/en\/wp-json\/wp\/v2\/media\/7978"}],"wp:attachment":[{"href":"https:\/\/beernation.gt\/en\/wp-json\/wp\/v2\/media?parent=7977"}],"wp:term":[{"taxonomy":"product_brand","embeddable":true,"href":"https:\/\/beernation.gt\/en\/wp-json\/wp\/v2\/product_brand?post=7977"},{"taxonomy":"product_cat","embeddable":true,"href":"https:\/\/beernation.gt\/en\/wp-json\/wp\/v2\/product_cat?post=7977"},{"taxonomy":"product_tag","embeddable":true,"href":"https:\/\/beernation.gt\/en\/wp-json\/wp\/v2\/product_tag?post=7977"}],"curies":[{"name":"wp","href":"https:\/\/api.w.org\/{rel}","templated":true}]}}