{"id":7979,"date":"2025-06-23T20:36:42","date_gmt":"2025-06-23T20:36:42","guid":{"rendered":"https:\/\/beernation.gt\/?post_type=product&#038;p=7979"},"modified":"2026-04-08T19:08:47","modified_gmt":"2026-04-08T19:08:47","slug":"red-seal-ale","status":"publish","type":"product","link":"https:\/\/beernation.gt\/en\/product\/red-seal-ale\/","title":{"rendered":"Red Seal Ale"},"content":{"rendered":"","protected":false},"excerpt":{"rendered":"<p data-pm-slice=\"1 1 []\"><strong>355ml \/ 12fl oz<\/strong><\/p>\n<p data-pm-slice=\"1 1 []\">ABV: 5.4 \/ IBU: 42<\/p>\n<p>Estilo: Red Ale<\/p>\n<p>Cervecer\u00eda: North Coast<\/p>\n<p>Origen: Estados Unidos<\/p>\n<p><strong>Appearance: <\/strong>Es una cerveza de color \u00e1mbar cobrizo a rojizo intenso, muy brillante y cristalina.<\/p>\n<p data-pm-slice=\"1 1 []\"><strong>Aroma: <\/strong>Predominan las notas de malta caramelizada, toffee, pan tostado y un ligero dulzor similar a galletas. Aroma moderado a l\u00fapulo con notas florales, c\u00edtricas (como c\u00e1scara de naranja o toronja sutil) y un toque especiado o terroso.<\/p>\n<p data-pm-slice=\"1 1 []\"><strong>Taste Profile: <\/strong>El sabor sigue el aroma, ofreciendo un excelente equilibrio entre la malta dulce y las notas amargas y arom\u00e1ticas del l\u00fapulo. Se confirman las notas de caramelo, toffee y pan, con un dulzor inicial que es r\u00e1pidamente equilibrado. El amargor es perceptible pero no dominante, con un car\u00e1cter floral y especiado. Puede tener un regusto ligeramente resinoso o de pino. El final es seco y limpio, con un amargor persistente pero no abrumador que invita al siguiente sorbo.<\/p>\n<p data-pm-slice=\"1 1 []\"><strong>Perfect Pairings: <\/strong>Marida perfecto con carnes a la parrilla, hamburguesas, carnitas de cerdo, pollos fritos, curries, quesos tipo cheddar a\u00f1ejo, monterrey jack y gouda.<\/p>","protected":false},"featured_media":7980,"comment_status":"open","ping_status":"closed","template":"","meta":{"_eb_attr":""},"product_brand":[],"product_cat":[69,225,41,210],"product_tag":[],"class_list":{"0":"post-7979","1":"product","2":"type-product","3":"status-publish","4":"has-post-thumbnail","6":"product_cat-cervezas-brown-amber","7":"product_cat-cervezas-para-la-lluvia","8":"product_cat-cervezas-estadounidenses","9":"product_cat-north-coast","10":"pa_cervecerias-straffe-hendrik","11":"pa_filtroestilos-filtroestilo-belgian-ale","12":"pa_filtroorigen-filtroorigen-belgica","14":"first","15":"instock","16":"featured","17":"shipping-taxable","18":"purchasable","19":"product-type-simple"},"jetpack_sharing_enabled":true,"_links":{"self":[{"href":"https:\/\/beernation.gt\/en\/wp-json\/wp\/v2\/product\/7979","targetHints":{"allow":["GET"]}}],"collection":[{"href":"https:\/\/beernation.gt\/en\/wp-json\/wp\/v2\/product"}],"about":[{"href":"https:\/\/beernation.gt\/en\/wp-json\/wp\/v2\/types\/product"}],"replies":[{"embeddable":true,"href":"https:\/\/beernation.gt\/en\/wp-json\/wp\/v2\/comments?post=7979"}],"wp:featuredmedia":[{"embeddable":true,"href":"https:\/\/beernation.gt\/en\/wp-json\/wp\/v2\/media\/7980"}],"wp:attachment":[{"href":"https:\/\/beernation.gt\/en\/wp-json\/wp\/v2\/media?parent=7979"}],"wp:term":[{"taxonomy":"product_brand","embeddable":true,"href":"https:\/\/beernation.gt\/en\/wp-json\/wp\/v2\/product_brand?post=7979"},{"taxonomy":"product_cat","embeddable":true,"href":"https:\/\/beernation.gt\/en\/wp-json\/wp\/v2\/product_cat?post=7979"},{"taxonomy":"product_tag","embeddable":true,"href":"https:\/\/beernation.gt\/en\/wp-json\/wp\/v2\/product_tag?post=7979"}],"curies":[{"name":"wp","href":"https:\/\/api.w.org\/{rel}","templated":true}]}}