{"id":7981,"date":"2025-06-23T20:44:21","date_gmt":"2025-06-23T20:44:21","guid":{"rendered":"https:\/\/beernation.gt\/?post_type=product&#038;p=7981"},"modified":"2026-04-01T18:45:51","modified_gmt":"2026-04-01T18:45:51","slug":"old-no-38-stout","status":"publish","type":"product","link":"https:\/\/beernation.gt\/en\/product\/old-no-38-stout\/","title":{"rendered":"Old No. 38 Stout"},"content":{"rendered":"","protected":false},"excerpt":{"rendered":"<p data-pm-slice=\"1 1 []\"><strong>355ml \/ 12fl oz<\/strong><\/p>\n<p data-pm-slice=\"1 1 []\">ABV: 5.4 \/ IBU: 53<\/p>\n<p>Estilo: Stout<\/p>\n<p>Cervecer\u00eda: North Coast<\/p>\n<p>Origen: Estados Unidos<\/p>\n<p><strong>Appearance: <\/strong>De color negro intenso, casi opaco, con posibles reflejos rub\u00ed o marr\u00f3n oscuro al trasluz. Forma una cabeza generosa y cremosa de color marr\u00f3n claro que tiende a disiparse a un anillo persistente o una fina capa.<\/p>\n<p data-pm-slice=\"1 1 []\"><strong>Aroma: <\/strong>Dominan las notas de caf\u00e9 tostado, chocolate amargo o semi-dulce y cebada tostada. Sutiles notas a pan o bizcocho quemado y un ligero aroma a l\u00fapulo terroso o floral, aunque la malta es la protagonista.<\/p>\n<p data-pm-slice=\"1 1 []\"><strong>Taste Profile: <\/strong>El sabor es una extensi\u00f3n del aroma, con un pronunciado car\u00e1cter a caf\u00e9 tostado y chocolate oscuro, que puede ser ligeramente amargo. Notas de malta tostada son prominentes sin ser demasiado ahumadas. A pesar de las maltas oscuras, no es dulce. Tiene un final seco y limpio que evita que sea pesada, con un amargor moderado. El sabor es firme y directo, con un regusto a caf\u00e9 que persiste agradablemente.<\/p>\n<p data-pm-slice=\"1 1 []\"><strong>Perfect Pairings: <\/strong>Marida perfecto con estofados de carnes, carnes asadas, cordero, mariscos como ostras, quesos azules, postres de chocolate o a base de caf\u00e9 como el Tiramis\u00fa.<\/p>","protected":false},"featured_media":7982,"comment_status":"open","ping_status":"closed","template":"","meta":{"_eb_attr":""},"product_brand":[],"product_cat":[225,41,210,65],"product_tag":[],"class_list":{"0":"post-7981","1":"product","2":"type-product","3":"status-publish","4":"has-post-thumbnail","6":"product_cat-cervezas-para-la-lluvia","7":"product_cat-cervezas-estadounidenses","8":"product_cat-north-coast","9":"product_cat-cervezas-porter-stout","10":"pa_cervecerias-straffe-hendrik","11":"pa_filtroestilos-filtroestilo-belgian-ale","12":"pa_filtroorigen-filtroorigen-belgica","14":"first","15":"outofstock","16":"featured","17":"shipping-taxable","18":"purchasable","19":"product-type-simple"},"jetpack_sharing_enabled":true,"_links":{"self":[{"href":"https:\/\/beernation.gt\/en\/wp-json\/wp\/v2\/product\/7981","targetHints":{"allow":["GET"]}}],"collection":[{"href":"https:\/\/beernation.gt\/en\/wp-json\/wp\/v2\/product"}],"about":[{"href":"https:\/\/beernation.gt\/en\/wp-json\/wp\/v2\/types\/product"}],"replies":[{"embeddable":true,"href":"https:\/\/beernation.gt\/en\/wp-json\/wp\/v2\/comments?post=7981"}],"wp:featuredmedia":[{"embeddable":true,"href":"https:\/\/beernation.gt\/en\/wp-json\/wp\/v2\/media\/7982"}],"wp:attachment":[{"href":"https:\/\/beernation.gt\/en\/wp-json\/wp\/v2\/media?parent=7981"}],"wp:term":[{"taxonomy":"product_brand","embeddable":true,"href":"https:\/\/beernation.gt\/en\/wp-json\/wp\/v2\/product_brand?post=7981"},{"taxonomy":"product_cat","embeddable":true,"href":"https:\/\/beernation.gt\/en\/wp-json\/wp\/v2\/product_cat?post=7981"},{"taxonomy":"product_tag","embeddable":true,"href":"https:\/\/beernation.gt\/en\/wp-json\/wp\/v2\/product_tag?post=7981"}],"curies":[{"name":"wp","href":"https:\/\/api.w.org\/{rel}","templated":true}]}}