{"id":8006,"date":"2025-06-29T22:49:21","date_gmt":"2025-06-29T22:49:21","guid":{"rendered":"https:\/\/beernation.gt\/producto\/copa-teku-beernation\/"},"modified":"2026-01-18T13:41:44","modified_gmt":"2026-01-18T13:41:44","slug":"copa-teku-beernation","status":"publish","type":"product","link":"https:\/\/beernation.gt\/en\/product\/copa-teku-beernation\/","title":{"rendered":"Copa Teku Beernation"},"content":{"rendered":"","protected":false},"excerpt":{"rendered":"<p>Experimenta cada cerveza al m\u00e1ximo con la copa Teku de Beernation.<\/p>\n<p>El dise\u00f1o revolucionario que combina la elegancia de una copa de vino con la funcionalidad de un vaso cervecero. Su forma \u00fanica, con un bol amplio y un borde c\u00f3nico, concentra los aromas m\u00e1s complejos y permite que la espuma se desarrolle perfectamente.<\/p>\n<p>Ideal para IPA&#8217;s lupuladas, cervezas \u00e1cidas o cualquier cerveza artesanal que quieras explorar en profundidad. Con el sello distintivo de Beernation, esta copa es esencial para el verdadero conocedor que busca una experiencia sensorial completa.<\/p>","protected":false},"featured_media":8005,"comment_status":"open","ping_status":"closed","template":"","meta":{"_eb_attr":""},"product_brand":[],"product_cat":[222],"product_tag":[],"class_list":{"0":"post-8006","1":"product","2":"type-product","3":"status-publish","4":"has-post-thumbnail","6":"product_cat-cristaleria","8":"first","9":"instock","10":"shipping-taxable","11":"purchasable","12":"product-type-simple"},"jetpack_sharing_enabled":true,"_links":{"self":[{"href":"https:\/\/beernation.gt\/en\/wp-json\/wp\/v2\/product\/8006","targetHints":{"allow":["GET"]}}],"collection":[{"href":"https:\/\/beernation.gt\/en\/wp-json\/wp\/v2\/product"}],"about":[{"href":"https:\/\/beernation.gt\/en\/wp-json\/wp\/v2\/types\/product"}],"replies":[{"embeddable":true,"href":"https:\/\/beernation.gt\/en\/wp-json\/wp\/v2\/comments?post=8006"}],"wp:featuredmedia":[{"embeddable":true,"href":"https:\/\/beernation.gt\/en\/wp-json\/wp\/v2\/media\/8005"}],"wp:attachment":[{"href":"https:\/\/beernation.gt\/en\/wp-json\/wp\/v2\/media?parent=8006"}],"wp:term":[{"taxonomy":"product_brand","embeddable":true,"href":"https:\/\/beernation.gt\/en\/wp-json\/wp\/v2\/product_brand?post=8006"},{"taxonomy":"product_cat","embeddable":true,"href":"https:\/\/beernation.gt\/en\/wp-json\/wp\/v2\/product_cat?post=8006"},{"taxonomy":"product_tag","embeddable":true,"href":"https:\/\/beernation.gt\/en\/wp-json\/wp\/v2\/product_tag?post=8006"}],"curies":[{"name":"wp","href":"https:\/\/api.w.org\/{rel}","templated":true}]}}