{"id":8007,"date":"2025-06-29T22:57:22","date_gmt":"2025-06-29T22:57:22","guid":{"rendered":"https:\/\/beernation.gt\/?post_type=product&#038;p=8007"},"modified":"2025-12-02T02:35:37","modified_gmt":"2025-12-02T02:35:37","slug":"vaso-inmoral","status":"publish","type":"product","link":"https:\/\/beernation.gt\/en\/product\/vaso-inmoral\/","title":{"rendered":"Vaso Inmoral"},"content":{"rendered":"","protected":false},"excerpt":{"rendered":"<p>Lleva a casa el esp\u00edritu Inmoral con este vaso tipo pinta americano, el compa\u00f1ero perfecto para tu cerveza artesanal favorita.<\/p>\n<p>Con su dise\u00f1o cl\u00e1sico y el audaz logo de Cervecer\u00eda Inmoral, este vaso te permite disfrutar de cada sorbo con la autenticidad que te gusta.<\/p>\n<p>\u00a1Ideal para brindar por momentos inolvidables y sabores que rompen esquemas!<\/p>","protected":false},"featured_media":8038,"comment_status":"open","ping_status":"closed","template":"","meta":{"_eb_attr":""},"product_brand":[],"product_cat":[222,184],"product_tag":[],"class_list":{"0":"post-8007","1":"product","2":"type-product","3":"status-publish","4":"has-post-thumbnail","6":"product_cat-cristaleria","7":"product_cat-inmoral-brewing-co","9":"first","10":"outofstock","11":"shipping-taxable","12":"purchasable","13":"product-type-simple"},"jetpack_sharing_enabled":true,"_links":{"self":[{"href":"https:\/\/beernation.gt\/en\/wp-json\/wp\/v2\/product\/8007","targetHints":{"allow":["GET"]}}],"collection":[{"href":"https:\/\/beernation.gt\/en\/wp-json\/wp\/v2\/product"}],"about":[{"href":"https:\/\/beernation.gt\/en\/wp-json\/wp\/v2\/types\/product"}],"replies":[{"embeddable":true,"href":"https:\/\/beernation.gt\/en\/wp-json\/wp\/v2\/comments?post=8007"}],"wp:featuredmedia":[{"embeddable":true,"href":"https:\/\/beernation.gt\/en\/wp-json\/wp\/v2\/media\/8038"}],"wp:attachment":[{"href":"https:\/\/beernation.gt\/en\/wp-json\/wp\/v2\/media?parent=8007"}],"wp:term":[{"taxonomy":"product_brand","embeddable":true,"href":"https:\/\/beernation.gt\/en\/wp-json\/wp\/v2\/product_brand?post=8007"},{"taxonomy":"product_cat","embeddable":true,"href":"https:\/\/beernation.gt\/en\/wp-json\/wp\/v2\/product_cat?post=8007"},{"taxonomy":"product_tag","embeddable":true,"href":"https:\/\/beernation.gt\/en\/wp-json\/wp\/v2\/product_tag?post=8007"}],"curies":[{"name":"wp","href":"https:\/\/api.w.org\/{rel}","templated":true}]}}