{"id":8008,"date":"2025-06-29T22:58:22","date_gmt":"2025-06-29T22:58:22","guid":{"rendered":"https:\/\/beernation.gt\/?post_type=product&#038;p=8008"},"modified":"2026-04-14T18:52:11","modified_gmt":"2026-04-14T18:52:11","slug":"vaso-antigua-cerveza","status":"publish","type":"product","link":"https:\/\/beernation.gt\/en\/product\/vaso-antigua-cerveza\/","title":{"rendered":"Vaso Antigua Cerveza"},"content":{"rendered":"","protected":false},"excerpt":{"rendered":"<p>Disfruta de la tradici\u00f3n con un toque moderno con el vaso tipo pinta americano de Antigua Cerveza.<\/p>\n<p>Dise\u00f1ado para realzar la experiencia de sus cervezas, este vaso cl\u00e1sico lleva el distintivo logo de Antigua Cerveza, celebrando la pasi\u00f3n por la calidad y el buen gusto.<\/p>\n<p>\u00a1Un brindis por la historia y el sabor de Guatemala en cada vaso!<\/p>","protected":false},"featured_media":8148,"comment_status":"open","ping_status":"closed","template":"","meta":{"_eb_attr":""},"product_brand":[],"product_cat":[45,222],"product_tag":[],"class_list":{"0":"post-8008","1":"product","2":"type-product","3":"status-publish","4":"has-post-thumbnail","6":"product_cat-antigua-cerveza","7":"product_cat-cristaleria","9":"first","10":"outofstock","11":"shipping-taxable","12":"purchasable","13":"product-type-simple"},"jetpack_sharing_enabled":true,"_links":{"self":[{"href":"https:\/\/beernation.gt\/en\/wp-json\/wp\/v2\/product\/8008","targetHints":{"allow":["GET"]}}],"collection":[{"href":"https:\/\/beernation.gt\/en\/wp-json\/wp\/v2\/product"}],"about":[{"href":"https:\/\/beernation.gt\/en\/wp-json\/wp\/v2\/types\/product"}],"replies":[{"embeddable":true,"href":"https:\/\/beernation.gt\/en\/wp-json\/wp\/v2\/comments?post=8008"}],"wp:featuredmedia":[{"embeddable":true,"href":"https:\/\/beernation.gt\/en\/wp-json\/wp\/v2\/media\/8148"}],"wp:attachment":[{"href":"https:\/\/beernation.gt\/en\/wp-json\/wp\/v2\/media?parent=8008"}],"wp:term":[{"taxonomy":"product_brand","embeddable":true,"href":"https:\/\/beernation.gt\/en\/wp-json\/wp\/v2\/product_brand?post=8008"},{"taxonomy":"product_cat","embeddable":true,"href":"https:\/\/beernation.gt\/en\/wp-json\/wp\/v2\/product_cat?post=8008"},{"taxonomy":"product_tag","embeddable":true,"href":"https:\/\/beernation.gt\/en\/wp-json\/wp\/v2\/product_tag?post=8008"}],"curies":[{"name":"wp","href":"https:\/\/api.w.org\/{rel}","templated":true}]}}