{"id":8011,"date":"2025-06-29T23:01:10","date_gmt":"2025-06-29T23:01:10","guid":{"rendered":"https:\/\/beernation.gt\/?post_type=product&#038;p=8011"},"modified":"2025-06-29T23:21:59","modified_gmt":"2025-06-29T23:21:59","slug":"vaso-sapiens","status":"publish","type":"product","link":"https:\/\/beernation.gt\/en\/product\/vaso-sapiens\/","title":{"rendered":"Vaso Sapiens"},"content":{"rendered":"","protected":false},"excerpt":{"rendered":"<p>Conecta con la esencia de la evoluci\u00f3n cervecera con el vaso tipo pinta americano de Sapiens.<\/p>\n<p>Este vaso cl\u00e1sico, con el distintivo logo de Cervecer\u00eda Sapiens, est\u00e1 dise\u00f1ado para que aprecies la complejidad y la inteligencia detr\u00e1s de cada una de sus cervezas artesanales.<\/p>\n<p>\u00a1Un vaso para mentes curiosas y paladares exigentes que valoran la innovaci\u00f3n y el sabor!<\/p>","protected":false},"featured_media":8015,"comment_status":"open","ping_status":"closed","template":"","meta":{"_eb_attr":""},"product_brand":[],"product_cat":[222,47],"product_tag":[],"class_list":{"0":"post-8011","1":"product","2":"type-product","3":"status-publish","4":"has-post-thumbnail","6":"product_cat-cristaleria","7":"product_cat-sapiens","9":"first","10":"instock","11":"shipping-taxable","12":"purchasable","13":"product-type-simple"},"jetpack_sharing_enabled":true,"_links":{"self":[{"href":"https:\/\/beernation.gt\/en\/wp-json\/wp\/v2\/product\/8011","targetHints":{"allow":["GET"]}}],"collection":[{"href":"https:\/\/beernation.gt\/en\/wp-json\/wp\/v2\/product"}],"about":[{"href":"https:\/\/beernation.gt\/en\/wp-json\/wp\/v2\/types\/product"}],"replies":[{"embeddable":true,"href":"https:\/\/beernation.gt\/en\/wp-json\/wp\/v2\/comments?post=8011"}],"wp:featuredmedia":[{"embeddable":true,"href":"https:\/\/beernation.gt\/en\/wp-json\/wp\/v2\/media\/8015"}],"wp:attachment":[{"href":"https:\/\/beernation.gt\/en\/wp-json\/wp\/v2\/media?parent=8011"}],"wp:term":[{"taxonomy":"product_brand","embeddable":true,"href":"https:\/\/beernation.gt\/en\/wp-json\/wp\/v2\/product_brand?post=8011"},{"taxonomy":"product_cat","embeddable":true,"href":"https:\/\/beernation.gt\/en\/wp-json\/wp\/v2\/product_cat?post=8011"},{"taxonomy":"product_tag","embeddable":true,"href":"https:\/\/beernation.gt\/en\/wp-json\/wp\/v2\/product_tag?post=8011"}],"curies":[{"name":"wp","href":"https:\/\/api.w.org\/{rel}","templated":true}]}}