{"id":8016,"date":"2025-06-29T23:23:36","date_gmt":"2025-06-29T23:23:36","guid":{"rendered":"https:\/\/beernation.gt\/?post_type=product&#038;p=8016"},"modified":"2026-04-24T21:03:51","modified_gmt":"2026-04-24T21:03:51","slug":"la-valqui-baron-brewing-co","status":"publish","type":"product","link":"https:\/\/beernation.gt\/en\/product\/la-valqui-baron-brewing-co\/","title":{"rendered":"La Valqui"},"content":{"rendered":"","protected":false},"excerpt":{"rendered":"<p data-pm-slice=\"1 1 []\"><strong>355ml \/ 12fl oz<\/strong><br \/>\nABV: 6.5 \/ IBU: 45<br \/>\nEstilo: IPA<br \/>\nCervecer\u00eda: Baron Brewing Co.<br \/>\nOrigen: Guatemala<\/p>\n<p><strong>Appearance: <\/strong>Dorado con destellos cobrizo, espuma blanca de capa media.<\/p>\n<p data-pm-slice=\"1 1 []\"><strong>Aroma: <\/strong>Aromas c\u00edtricos donde destaca la toronja, naranja, toques herbales y terrosos gracias a los l\u00fapulos implementados.<\/p>\n<p data-pm-slice=\"1 1 []\"><strong>Taste Profile: <\/strong>Inicia con el amargor de los l\u00fapulos, limpios y sin astringencia seguido de notas c\u00edtricas (toronja, c\u00e1scara de naranja), toque de maltas que equilibran la experiencia, final seco y limpio. De cuerpo ligero, refrescante y peligrosamente bebible.<\/p>\n<p data-pm-slice=\"1 1 []\"><strong>Perfect Pairings: <\/strong>Gracias al amargor de los l\u00fapulos, esta cerveza marida bien con tacos al pastor, cochinita pibil, curry tailandes picante, alitas de pollo tipo buffalo, churrascos con chirmol y hasta con postres como un pie de lim\u00f3n.<\/p>","protected":false},"featured_media":8017,"comment_status":"open","ping_status":"closed","template":"","meta":{"_eb_attr":""},"product_brand":[],"product_cat":[223,33,63],"product_tag":[239],"class_list":{"0":"post-8016","1":"product","2":"type-product","3":"status-publish","4":"has-post-thumbnail","6":"product_cat-baron-brewing-co","7":"product_cat-cervezas-guatemaltecas","8":"product_cat-cervezas-ipa","9":"product_tag-otras-ipa","10":"pa_cervecerias-guinness","11":"pa_filtroestilos-filtroestilo-porter-stout","12":"pa_filtroorigen-irlanda","14":"first","15":"instock","16":"featured","17":"shipping-taxable","18":"purchasable","19":"product-type-simple"},"jetpack_sharing_enabled":true,"_links":{"self":[{"href":"https:\/\/beernation.gt\/en\/wp-json\/wp\/v2\/product\/8016","targetHints":{"allow":["GET"]}}],"collection":[{"href":"https:\/\/beernation.gt\/en\/wp-json\/wp\/v2\/product"}],"about":[{"href":"https:\/\/beernation.gt\/en\/wp-json\/wp\/v2\/types\/product"}],"replies":[{"embeddable":true,"href":"https:\/\/beernation.gt\/en\/wp-json\/wp\/v2\/comments?post=8016"}],"wp:featuredmedia":[{"embeddable":true,"href":"https:\/\/beernation.gt\/en\/wp-json\/wp\/v2\/media\/8017"}],"wp:attachment":[{"href":"https:\/\/beernation.gt\/en\/wp-json\/wp\/v2\/media?parent=8016"}],"wp:term":[{"taxonomy":"product_brand","embeddable":true,"href":"https:\/\/beernation.gt\/en\/wp-json\/wp\/v2\/product_brand?post=8016"},{"taxonomy":"product_cat","embeddable":true,"href":"https:\/\/beernation.gt\/en\/wp-json\/wp\/v2\/product_cat?post=8016"},{"taxonomy":"product_tag","embeddable":true,"href":"https:\/\/beernation.gt\/en\/wp-json\/wp\/v2\/product_tag?post=8016"}],"curies":[{"name":"wp","href":"https:\/\/api.w.org\/{rel}","templated":true}]}}