{"id":8151,"date":"2025-07-04T04:10:05","date_gmt":"2025-07-04T04:10:05","guid":{"rendered":"https:\/\/beernation.gt\/?post_type=product&#038;p=8151"},"modified":"2025-10-28T19:26:31","modified_gmt":"2025-10-28T19:26:31","slug":"premium-pilsner-grolsch","status":"publish","type":"product","link":"https:\/\/beernation.gt\/en\/product\/premium-pilsner-grolsch\/","title":{"rendered":"Premium Pilsner (Grolsch)"},"content":{"rendered":"","protected":false},"excerpt":{"rendered":"<p data-pm-slice=\"1 1 []\"><strong>450ml \/ 45cl<\/strong><br \/>\nABV: 5 \/ IBU: 28<br \/>\nEstilo: Pilsner<br \/>\nCervecer\u00eda: Grolsch<br \/>\nOrigen: Paises Bajos<\/p>\n<p><strong>Appearance: <\/strong>De color dorado medio a p\u00e1lido, brillante y cristalino. Espuma abundante, blanca y cremosa, con buena retenci\u00f3n y dejando un encaje agradable en el vaso.<\/p>\n<p data-pm-slice=\"1 1 []\"><strong>Aroma: <\/strong>Se perciben aromas frescos y herbales, a menudo descritos como \u00abl\u00fapulo verde natural\u00bb o notas de heno reci\u00e9n cortado, gracias al uso de dos variedades de l\u00fapulo Hallertau (Emerald y Magnum). Puede haber un ligero toque c\u00edtrico, como lim\u00f3n. Un dulzor suave a malta, con notas de cereal o panader\u00eda, aportando una base limpia.<\/p>\n<p data-pm-slice=\"1 1 []\"><strong>Taste Profile: <\/strong>Un excelente equilibrio entre el dulzor sutil de la malta y un amargor limpio y contundente del l\u00fapulo. Es una pilsner que no es excesivamente amarga, pero s\u00ed lo suficiente para ser refrescante y con car\u00e1cter. Notas de cereal y pan, con un perfil maltoso suave pero perceptible que le da cuerpo. Final limpio y refrescante, con un regusto ligeramente amargo que invita a seguir bebiendo.<\/p>\n<p data-pm-slice=\"1 1 []\"><strong>Perfect Pairings: <\/strong>Platos Ligeros: Pescados a la parrilla, mariscos, ensaladas frescas, pollo a la plancha. Snacks como Pretzels, frutos secos salados, papas fritas. Comida Asi\u00e1tica especialmente platos tailandeses o de curry suave. Quesos suaves y frescos como Gouda, Havarti, o quesos de cabra.<\/p>","protected":false},"featured_media":8160,"comment_status":"open","ping_status":"closed","template":"","meta":{"_eb_attr":""},"product_brand":[],"product_cat":[229,64,230],"product_tag":[],"class_list":{"0":"post-8151","1":"product","2":"type-product","3":"status-publish","4":"has-post-thumbnail","6":"product_cat-grolsch","7":"product_cat-cervezas-lager","8":"product_cat-paises-bajos","9":"pa_cervecerias-grolsch","10":"pa_filtroestilos-filtroestilo-trigo-weissbier","11":"pa_filtroorigen-filtroorigen-alemania","13":"first","14":"outofstock","15":"featured","16":"shipping-taxable","17":"purchasable","18":"product-type-simple"},"jetpack_sharing_enabled":true,"_links":{"self":[{"href":"https:\/\/beernation.gt\/en\/wp-json\/wp\/v2\/product\/8151","targetHints":{"allow":["GET"]}}],"collection":[{"href":"https:\/\/beernation.gt\/en\/wp-json\/wp\/v2\/product"}],"about":[{"href":"https:\/\/beernation.gt\/en\/wp-json\/wp\/v2\/types\/product"}],"replies":[{"embeddable":true,"href":"https:\/\/beernation.gt\/en\/wp-json\/wp\/v2\/comments?post=8151"}],"wp:featuredmedia":[{"embeddable":true,"href":"https:\/\/beernation.gt\/en\/wp-json\/wp\/v2\/media\/8160"}],"wp:attachment":[{"href":"https:\/\/beernation.gt\/en\/wp-json\/wp\/v2\/media?parent=8151"}],"wp:term":[{"taxonomy":"product_brand","embeddable":true,"href":"https:\/\/beernation.gt\/en\/wp-json\/wp\/v2\/product_brand?post=8151"},{"taxonomy":"product_cat","embeddable":true,"href":"https:\/\/beernation.gt\/en\/wp-json\/wp\/v2\/product_cat?post=8151"},{"taxonomy":"product_tag","embeddable":true,"href":"https:\/\/beernation.gt\/en\/wp-json\/wp\/v2\/product_tag?post=8151"}],"curies":[{"name":"wp","href":"https:\/\/api.w.org\/{rel}","templated":true}]}}