{"id":8157,"date":"2025-07-07T21:33:40","date_gmt":"2025-07-07T21:33:40","guid":{"rendered":"https:\/\/beernation.gt\/?post_type=product&#038;p=8157"},"modified":"2026-04-24T21:03:51","modified_gmt":"2026-04-24T21:03:51","slug":"iximche-nz-pale-ale","status":"publish","type":"product","link":"https:\/\/beernation.gt\/en\/product\/iximche-nz-pale-ale\/","title":{"rendered":"NZ Pale Ale"},"content":{"rendered":"","protected":false},"excerpt":{"rendered":"<p data-pm-slice=\"1 1 []\"><strong>355ml \/ 12fl oz<\/strong><br \/>\nABV: 6.5 \/ IBU: 45<br \/>\nEstilo: Pale Ale<br \/>\nCervecer\u00eda: Iximche<br \/>\nOrigen: Guatemala<\/p>\n<p><strong>Appearance: <\/strong>De color darado, con buena carbonataci\u00f3n, espuma blanca y persistente.<\/p>\n<p data-pm-slice=\"1 1 []\"><strong>Aroma: <\/strong>Aroma intenso a l\u00fapulos que evocan frutas c\u00edtricas, verdes y frescas como la maracuy\u00e1, melocot\u00f3n y pi\u00f1a formando un complejo pero agradable aroma cl\u00e1sico del estilo.<\/p>\n<p data-pm-slice=\"1 1 []\"><strong>Taste Profile: <\/strong>Equilibrado con final seco, amargor moderado y no agresivo, balanceado a base de maltas que le otorgan cuerpo de soporte. Es una cerveza refrescante, arom\u00e1tica y con perfil moderno.<\/p>\n<p data-pm-slice=\"1 1 []\"><strong>Perfect Pairings: <\/strong>El balance c\u00edtrico y tropical de la cerveza permite que se pueda combinar con una amplia gama de comidas como ceviches, carnes rojas o blancas a la parrilla, comidas asiaticas con sabores agridulces y picantes, quesos suaves como el cheddar o brie.<\/p>","protected":false},"featured_media":8158,"comment_status":"open","ping_status":"closed","template":"","meta":{"_eb_attr":""},"product_brand":[],"product_cat":[33,231,68],"product_tag":[],"class_list":{"0":"post-8157","1":"product","2":"type-product","3":"status-publish","4":"has-post-thumbnail","6":"product_cat-cervezas-guatemaltecas","7":"product_cat-iximche","8":"product_cat-cervezas-pale-ale","9":"pa_cervecerias-iximche","10":"pa_filtroestilos-filtroestilo-pale-ale","11":"pa_filtroorigen-filtroorigen-guatemala","13":"first","14":"instock","15":"featured","16":"shipping-taxable","17":"purchasable","18":"product-type-simple"},"jetpack_sharing_enabled":true,"_links":{"self":[{"href":"https:\/\/beernation.gt\/en\/wp-json\/wp\/v2\/product\/8157","targetHints":{"allow":["GET"]}}],"collection":[{"href":"https:\/\/beernation.gt\/en\/wp-json\/wp\/v2\/product"}],"about":[{"href":"https:\/\/beernation.gt\/en\/wp-json\/wp\/v2\/types\/product"}],"replies":[{"embeddable":true,"href":"https:\/\/beernation.gt\/en\/wp-json\/wp\/v2\/comments?post=8157"}],"wp:featuredmedia":[{"embeddable":true,"href":"https:\/\/beernation.gt\/en\/wp-json\/wp\/v2\/media\/8158"}],"wp:attachment":[{"href":"https:\/\/beernation.gt\/en\/wp-json\/wp\/v2\/media?parent=8157"}],"wp:term":[{"taxonomy":"product_brand","embeddable":true,"href":"https:\/\/beernation.gt\/en\/wp-json\/wp\/v2\/product_brand?post=8157"},{"taxonomy":"product_cat","embeddable":true,"href":"https:\/\/beernation.gt\/en\/wp-json\/wp\/v2\/product_cat?post=8157"},{"taxonomy":"product_tag","embeddable":true,"href":"https:\/\/beernation.gt\/en\/wp-json\/wp\/v2\/product_tag?post=8157"}],"curies":[{"name":"wp","href":"https:\/\/api.w.org\/{rel}","templated":true}]}}