{"id":8177,"date":"2025-07-15T21:29:58","date_gmt":"2025-07-15T21:29:58","guid":{"rendered":"https:\/\/beernation.gt\/?post_type=product&#038;p=8177"},"modified":"2026-02-11T15:44:25","modified_gmt":"2026-02-11T15:44:25","slug":"vaso-guinness-tradicion","status":"publish","type":"product","link":"https:\/\/beernation.gt\/en\/product\/vaso-guinness-tradicion\/","title":{"rendered":"Vaso Guinness &#8211; Tradici\u00f3n"},"content":{"rendered":"","protected":false},"excerpt":{"rendered":"<p>TRADICI\u00d3N CERVECERA<\/p>\n<p>Con su elaborado escudo \u00abGUINNESS EXTRA STOUT\u00bb, este vaso evoca la rica historia y calidad de la cerveza irlandesa. Un s\u00edmbolo de autenticidad.<\/p>\n<hr>\n<p>Para los verdaderos amantes de la cerveza, cada detalle cuenta. Servir tu cerveza favorita en el vaso adecuado no es un mero capricho, es una parte esencial de la experiencia. La forma y el dise\u00f1o de un vaso est\u00e1n pensados para realzar los aromas, concentrar la espuma y dirigir la cerveza de manera \u00f3ptima a tus papilas gustativas, permiti\u00e9ndote apreciar cada matiz de su sabor.<\/p>\n<p>Al usar el vaso espec\u00edfico para cada tipo de cerveza (como estos ic\u00f3nicos vasos Guinness), no solo disfrutas de su est\u00e9tica, sino que potencias su perfil arom\u00e1tico y gustativo. Sentir\u00e1s c\u00f3mo los l\u00fapulos, maltas y levaduras se expresan plenamente, liberando sus complejos bouquets que de otra manera podr\u00edan pasar desapercibidos. \u00a1Descubre la diferencia y eleva tu momento cervecero!<\/p>","protected":false},"featured_media":8180,"comment_status":"open","ping_status":"closed","template":"","meta":{"_eb_attr":""},"product_brand":[],"product_cat":[222],"product_tag":[],"class_list":{"0":"post-8177","1":"product","2":"type-product","3":"status-publish","4":"has-post-thumbnail","6":"product_cat-cristaleria","8":"first","9":"outofstock","10":"shipping-taxable","11":"purchasable","12":"product-type-simple"},"jetpack_sharing_enabled":true,"_links":{"self":[{"href":"https:\/\/beernation.gt\/en\/wp-json\/wp\/v2\/product\/8177","targetHints":{"allow":["GET"]}}],"collection":[{"href":"https:\/\/beernation.gt\/en\/wp-json\/wp\/v2\/product"}],"about":[{"href":"https:\/\/beernation.gt\/en\/wp-json\/wp\/v2\/types\/product"}],"replies":[{"embeddable":true,"href":"https:\/\/beernation.gt\/en\/wp-json\/wp\/v2\/comments?post=8177"}],"wp:featuredmedia":[{"embeddable":true,"href":"https:\/\/beernation.gt\/en\/wp-json\/wp\/v2\/media\/8180"}],"wp:attachment":[{"href":"https:\/\/beernation.gt\/en\/wp-json\/wp\/v2\/media?parent=8177"}],"wp:term":[{"taxonomy":"product_brand","embeddable":true,"href":"https:\/\/beernation.gt\/en\/wp-json\/wp\/v2\/product_brand?post=8177"},{"taxonomy":"product_cat","embeddable":true,"href":"https:\/\/beernation.gt\/en\/wp-json\/wp\/v2\/product_cat?post=8177"},{"taxonomy":"product_tag","embeddable":true,"href":"https:\/\/beernation.gt\/en\/wp-json\/wp\/v2\/product_tag?post=8177"}],"curies":[{"name":"wp","href":"https:\/\/api.w.org\/{rel}","templated":true}]}}