{"id":8181,"date":"2025-07-15T21:35:48","date_gmt":"2025-07-15T21:35:48","guid":{"rendered":"https:\/\/beernation.gt\/?post_type=product&#038;p=8181"},"modified":"2026-04-29T23:58:22","modified_gmt":"2026-04-29T23:58:22","slug":"vaso-guinness-tucan","status":"publish","type":"product","link":"https:\/\/beernation.gt\/en\/product\/vaso-guinness-tucan\/","title":{"rendered":"Vaso Guinness &#8211; Tuc\u00e1n"},"content":{"rendered":"","protected":false},"excerpt":{"rendered":"<p>EL ESP\u00cdRITU DE LA ALEGR\u00cdA<\/p>\n<p>Este vaso Guinness no solo presenta al famoso tuc\u00e1n equilibrando una pinta, sino que tambi\u00e9n celebra una de las campa\u00f1as publicitarias m\u00e1s ic\u00f3nicas y queridas de la marca. El tuc\u00e1n se convirti\u00f3 en un s\u00edmbolo de Guinness en la d\u00e9cada de 1930, representando la ligereza y el equilibrio, y apareciendo en inolvidables anuncios que afirmaban \u00abLovely day for a Guinness\u00bb. Un vaso que evoca la historia y la diversi\u00f3n de Guinness.<\/p>\n<hr>\n<p>Para los verdaderos amantes de la cerveza, cada detalle cuenta. Servir tu cerveza favorita en el vaso adecuado no es un mero capricho, es una parte esencial de la experiencia. La forma y el dise\u00f1o de un vaso est\u00e1n pensados para realzar los aromas, concentrar la espuma y dirigir la cerveza de manera \u00f3ptima a tus papilas gustativas, permiti\u00e9ndote apreciar cada matiz de su sabor.<\/p>\n<p>Al usar el vaso espec\u00edfico para cada tipo de cerveza (como estos ic\u00f3nicos vasos Guinness), no solo disfrutas de su est\u00e9tica, sino que potencias su perfil arom\u00e1tico y gustativo. Sentir\u00e1s c\u00f3mo los l\u00fapulos, maltas y levaduras se expresan plenamente, liberando sus complejos bouquets que de otra manera podr\u00edan pasar desapercibidos. \u00a1Descubre la diferencia y eleva tu momento cervecero!<\/p>","protected":false},"featured_media":8182,"comment_status":"open","ping_status":"closed","template":"","meta":{"_eb_attr":""},"product_brand":[],"product_cat":[222],"product_tag":[],"class_list":{"0":"post-8181","1":"product","2":"type-product","3":"status-publish","4":"has-post-thumbnail","6":"product_cat-cristaleria","8":"first","9":"instock","10":"shipping-taxable","11":"purchasable","12":"product-type-simple"},"jetpack_sharing_enabled":true,"_links":{"self":[{"href":"https:\/\/beernation.gt\/en\/wp-json\/wp\/v2\/product\/8181","targetHints":{"allow":["GET"]}}],"collection":[{"href":"https:\/\/beernation.gt\/en\/wp-json\/wp\/v2\/product"}],"about":[{"href":"https:\/\/beernation.gt\/en\/wp-json\/wp\/v2\/types\/product"}],"replies":[{"embeddable":true,"href":"https:\/\/beernation.gt\/en\/wp-json\/wp\/v2\/comments?post=8181"}],"wp:featuredmedia":[{"embeddable":true,"href":"https:\/\/beernation.gt\/en\/wp-json\/wp\/v2\/media\/8182"}],"wp:attachment":[{"href":"https:\/\/beernation.gt\/en\/wp-json\/wp\/v2\/media?parent=8181"}],"wp:term":[{"taxonomy":"product_brand","embeddable":true,"href":"https:\/\/beernation.gt\/en\/wp-json\/wp\/v2\/product_brand?post=8181"},{"taxonomy":"product_cat","embeddable":true,"href":"https:\/\/beernation.gt\/en\/wp-json\/wp\/v2\/product_cat?post=8181"},{"taxonomy":"product_tag","embeddable":true,"href":"https:\/\/beernation.gt\/en\/wp-json\/wp\/v2\/product_tag?post=8181"}],"curies":[{"name":"wp","href":"https:\/\/api.w.org\/{rel}","templated":true}]}}