{"id":8431,"date":"2025-08-01T22:45:44","date_gmt":"2025-08-01T22:45:44","guid":{"rendered":"https:\/\/beernation.gt\/?post_type=product&#038;p=8431"},"modified":"2026-01-26T22:37:35","modified_gmt":"2026-01-26T22:37:35","slug":"barrel-aged-old-rasputin-xxvi","status":"publish","type":"product","link":"https:\/\/beernation.gt\/en\/product\/barrel-aged-old-rasputin-xxvi\/","title":{"rendered":"Barrel Aged Old Rasputin XXVI"},"content":{"rendered":"","protected":false},"excerpt":{"rendered":"<p data-pm-slice=\"1 1 []\"><strong>355ml \/ 12fl oz<br \/>\n<\/strong>ABV: 11.8 \/ IBU: 30<br \/>\nEstilo: Imperial Stout<br \/>\nCervecer\u00eda: North Coast<br \/>\nOrigen: Estados Unidos<\/p>\n<p><strong>Appearance: <\/strong>Se presenta con un color negro intenso y opaco, coronado por una espuma cremosa de color caramelo.<\/p>\n<p data-pm-slice=\"1 1 []\"><strong>Aroma: <\/strong>Los aromas del envejecimiento en barrica se elevan del vaso, con notas c\u00e1lidas y tostadas de bourbon, vainilla y cacao. Tambi\u00e9n se pueden percibir matices de caf\u00e9, chocolate amargo y malta tostada.<\/p>\n<p data-pm-slice=\"1 1 []\"><strong>Taste Profile: <\/strong>En boca, el sabor es profundo y con m\u00faltiples capas. Los sabores de la malta tostada y el chocolate oscuro se entrelazan con las notas dulces y complementarias de vainilla y bourbon. El car\u00e1cter de la barrica de bourbon le aporta una cremosidad con cuerpo y un calor agradable y persistente. Se pueden encontrar tambi\u00e9n toques a pasas y frutos secos.<\/p>\n<p data-pm-slice=\"1 1 []\"><strong>Perfect Pairings: <\/strong>Marida bien con carnes rojas y platos intensos, como estofados y BBQs. Quesos fuertes y\/o curados como Gouda, Stilton y Roquefort. Postres de chocolate como un lava cake.<\/p>","protected":false},"featured_media":8432,"comment_status":"open","ping_status":"closed","template":"","meta":{"_eb_attr":""},"product_brand":[],"product_cat":[225,41,210,65],"product_tag":[],"class_list":{"0":"post-8431","1":"product","2":"type-product","3":"status-publish","4":"has-post-thumbnail","6":"product_cat-cervezas-para-la-lluvia","7":"product_cat-cervezas-estadounidenses","8":"product_cat-north-coast","9":"product_cat-cervezas-porter-stout","10":"pa_cervecerias-north-coast","11":"pa_filtroestilos-filtroestilo-porter-stout","12":"pa_filtroorigen-filtroorigen-estadounidense","14":"first","15":"outofstock","16":"featured","17":"shipping-taxable","18":"purchasable","19":"product-type-simple"},"jetpack_sharing_enabled":true,"_links":{"self":[{"href":"https:\/\/beernation.gt\/en\/wp-json\/wp\/v2\/product\/8431","targetHints":{"allow":["GET"]}}],"collection":[{"href":"https:\/\/beernation.gt\/en\/wp-json\/wp\/v2\/product"}],"about":[{"href":"https:\/\/beernation.gt\/en\/wp-json\/wp\/v2\/types\/product"}],"replies":[{"embeddable":true,"href":"https:\/\/beernation.gt\/en\/wp-json\/wp\/v2\/comments?post=8431"}],"wp:featuredmedia":[{"embeddable":true,"href":"https:\/\/beernation.gt\/en\/wp-json\/wp\/v2\/media\/8432"}],"wp:attachment":[{"href":"https:\/\/beernation.gt\/en\/wp-json\/wp\/v2\/media?parent=8431"}],"wp:term":[{"taxonomy":"product_brand","embeddable":true,"href":"https:\/\/beernation.gt\/en\/wp-json\/wp\/v2\/product_brand?post=8431"},{"taxonomy":"product_cat","embeddable":true,"href":"https:\/\/beernation.gt\/en\/wp-json\/wp\/v2\/product_cat?post=8431"},{"taxonomy":"product_tag","embeddable":true,"href":"https:\/\/beernation.gt\/en\/wp-json\/wp\/v2\/product_tag?post=8431"}],"curies":[{"name":"wp","href":"https:\/\/api.w.org\/{rel}","templated":true}]}}