{"id":8570,"date":"2025-08-15T16:50:25","date_gmt":"2025-08-15T16:50:25","guid":{"rendered":"https:\/\/beernation.gt\/?post_type=product&#038;p=8570"},"modified":"2026-03-24T14:39:12","modified_gmt":"2026-03-24T14:39:12","slug":"lindemans-tarot-dor","status":"publish","type":"product","link":"https:\/\/beernation.gt\/en\/product\/lindemans-tarot-dor\/","title":{"rendered":"Tarot D\u2019Or"},"content":{"rendered":"","protected":false},"excerpt":{"rendered":"<p data-pm-slice=\"1 1 []\"><strong>250ml \/ 25cl<\/strong><br \/>\nABV: 8<br \/>\nEstilo: Fruit Ale<br \/>\nCervecer\u00eda: Lindemans<br \/>\nOrigin: Belgium<\/p>\n<p><strong>Appearance: <\/strong>Dorado brillante, con un tinte rubio claro, ligeramente turbia. De espuma blanca, que puede ser alta al principio pero que tiende a disiparse r\u00e1pidamente.<\/p>\n<p data-pm-slice=\"1 1 []\"><strong>Aroma:\u00a0<\/strong>Un aroma intenso y complejo a frutas tropicales. Las notas predominantes son el mango, la lima y el mel\u00f3n. Tambi\u00e9n se pueden percibir toques de maracuy\u00e1, lichi y pi\u00f1a creando un perfil arom\u00e1tico muy dulce y afrutado.<\/p>\n<p data-pm-slice=\"1 1 []\"><strong>Taste Profile: <\/strong>El sabor es jugoso, con una explosi\u00f3n de los mismos sabores frutales que se encuentran en el aroma: mango, mel\u00f3n y un toque c\u00edtrico de lima. Mantiene un equilibrio notable. La acidez del Lambic base corta el dulzor y proporciona un final refrescante. El final es suave y f\u00e1cil de beber, con un regusto que combina la dulzura de la fruta con una acidez bien integrada y una sensaci\u00f3n ligeramente seca.<\/p>\n<p data-pm-slice=\"1 1 []\"><strong>Perfect Pairings: <\/strong>Dado a sus notas tropicales, esta cerveza marida bien con platos agridulces como pollo o cerdo chino agridulce, comida thai, mariscos a la parrilla como langostinos o vieras, quesos como mozzarella fresca o quesos cremosos como el brie o camembert, Postres de frutas como tarta de mango, mousse de lim\u00f3n, flan o crema catalana.<\/p>\n<p data-pm-slice=\"1 1 []\">","protected":false},"featured_media":8571,"comment_status":"open","ping_status":"closed","template":"","meta":{"_eb_attr":""},"product_brand":[],"product_cat":[70,32,71,134,232],"product_tag":[],"class_list":{"0":"post-8570","1":"product","2":"type-product","3":"status-publish","4":"has-post-thumbnail","6":"product_cat-cervezas-belgian-ale","7":"product_cat-cervezas-belgas","8":"product_cat-cervezas-fruit","9":"product_cat-lindemans","10":"product_cat-new-in-town","11":"pa_cervecerias-cerveceria-lindemans","12":"pa_filtroestilos-filtroestilo-belgian-ale","13":"pa_filtroestilos-filtroestilo-fruit-beer","14":"pa_filtroorigen-filtroorigen-belgica","16":"first","17":"instock","18":"featured","19":"shipping-taxable","20":"purchasable","21":"product-type-simple"},"jetpack_sharing_enabled":true,"_links":{"self":[{"href":"https:\/\/beernation.gt\/en\/wp-json\/wp\/v2\/product\/8570","targetHints":{"allow":["GET"]}}],"collection":[{"href":"https:\/\/beernation.gt\/en\/wp-json\/wp\/v2\/product"}],"about":[{"href":"https:\/\/beernation.gt\/en\/wp-json\/wp\/v2\/types\/product"}],"replies":[{"embeddable":true,"href":"https:\/\/beernation.gt\/en\/wp-json\/wp\/v2\/comments?post=8570"}],"wp:featuredmedia":[{"embeddable":true,"href":"https:\/\/beernation.gt\/en\/wp-json\/wp\/v2\/media\/8571"}],"wp:attachment":[{"href":"https:\/\/beernation.gt\/en\/wp-json\/wp\/v2\/media?parent=8570"}],"wp:term":[{"taxonomy":"product_brand","embeddable":true,"href":"https:\/\/beernation.gt\/en\/wp-json\/wp\/v2\/product_brand?post=8570"},{"taxonomy":"product_cat","embeddable":true,"href":"https:\/\/beernation.gt\/en\/wp-json\/wp\/v2\/product_cat?post=8570"},{"taxonomy":"product_tag","embeddable":true,"href":"https:\/\/beernation.gt\/en\/wp-json\/wp\/v2\/product_tag?post=8570"}],"curies":[{"name":"wp","href":"https:\/\/api.w.org\/{rel}","templated":true}]}}