{"id":8655,"date":"2025-08-18T02:32:59","date_gmt":"2025-08-18T02:32:59","guid":{"rendered":"https:\/\/beernation.gt\/?post_type=product&#038;p=8655"},"modified":"2026-03-07T02:10:01","modified_gmt":"2026-03-07T02:10:01","slug":"copa-flensburger","status":"publish","type":"product","link":"https:\/\/beernation.gt\/en\/product\/copa-flensburger\/","title":{"rendered":"Copa Flensburger Pilsener"},"content":{"rendered":"","protected":false},"excerpt":{"rendered":"<p>Disfruta la frescura de una aut\u00e9ntica cerveza alemana con la copa oficial de Flensburger Pilsener.<br \/>\nSu dise\u00f1o con el borde ligeramente curvado, est\u00e1 pensado para realzar los delicados aromas a l\u00fapulo y malta, mientras permite que su distintiva espuma se mantenga cremosa. Con el logo cl\u00e1sico de Flensburger, esta copa es el recipiente perfecto para apreciar el car\u00e1cter limpio y refrescante de esta Pilsener alemana. \u00a1Un brindis por la tradici\u00f3n y la calidad en cada sorbo!<\/p>","protected":false},"featured_media":8656,"comment_status":"open","ping_status":"closed","template":"","meta":{"_eb_attr":""},"product_brand":[],"product_cat":[222],"product_tag":[],"class_list":{"0":"post-8655","1":"product","2":"type-product","3":"status-publish","4":"has-post-thumbnail","6":"product_cat-cristaleria","8":"first","9":"instock","10":"shipping-taxable","11":"purchasable","12":"product-type-simple"},"jetpack_sharing_enabled":true,"_links":{"self":[{"href":"https:\/\/beernation.gt\/en\/wp-json\/wp\/v2\/product\/8655","targetHints":{"allow":["GET"]}}],"collection":[{"href":"https:\/\/beernation.gt\/en\/wp-json\/wp\/v2\/product"}],"about":[{"href":"https:\/\/beernation.gt\/en\/wp-json\/wp\/v2\/types\/product"}],"replies":[{"embeddable":true,"href":"https:\/\/beernation.gt\/en\/wp-json\/wp\/v2\/comments?post=8655"}],"wp:featuredmedia":[{"embeddable":true,"href":"https:\/\/beernation.gt\/en\/wp-json\/wp\/v2\/media\/8656"}],"wp:attachment":[{"href":"https:\/\/beernation.gt\/en\/wp-json\/wp\/v2\/media?parent=8655"}],"wp:term":[{"taxonomy":"product_brand","embeddable":true,"href":"https:\/\/beernation.gt\/en\/wp-json\/wp\/v2\/product_brand?post=8655"},{"taxonomy":"product_cat","embeddable":true,"href":"https:\/\/beernation.gt\/en\/wp-json\/wp\/v2\/product_cat?post=8655"},{"taxonomy":"product_tag","embeddable":true,"href":"https:\/\/beernation.gt\/en\/wp-json\/wp\/v2\/product_tag?post=8655"}],"curies":[{"name":"wp","href":"https:\/\/api.w.org\/{rel}","templated":true}]}}