{"id":8775,"date":"2025-08-31T12:00:59","date_gmt":"2025-08-31T12:00:59","guid":{"rendered":"https:\/\/beernation.gt\/?post_type=product&#038;p=8775"},"modified":"2026-05-02T18:51:56","modified_gmt":"2026-05-02T18:51:56","slug":"rochefort-triple-extra","status":"publish","type":"product","link":"https:\/\/beernation.gt\/en\/product\/rochefort-triple-extra\/","title":{"rendered":"Rochefort Triple Extra"},"content":{"rendered":"","protected":false},"excerpt":{"rendered":"<p data-pm-slice=\"1 1 []\"><strong>330ml \/ 33cl<\/strong><br \/>\nABV: 8.1 \/ IBU: 20<br \/>\nEstilo: Tripel<br \/>\nCervecer\u00eda: Trappistes Rochefort<br \/>\nOrigin: Belgium<\/p>\n<p><strong>Appearance: <\/strong>Presenta un color rubio dorado, con tonos anaranjados y una espuma blanca, densa y persistente. Es una cerveza un poco turbia debido a la segunda fermentaci\u00f3n en botella.<\/p>\n<p data-pm-slice=\"1 1 []\"><strong>Aroma: <\/strong>Claro perfil c\u00edtrico y frutal. Se perciben notas de frutas blancas como manzana y pera, as\u00ed como aromas a frutas con hueso como el albaricoque. Tambi\u00e9n se aprecian toques especiados, con notas de cilantro y pimienta blanca, y un sutil aroma a levadura belga.<\/p>\n<p data-pm-slice=\"1 1 []\"><strong>Taste Profile: <\/strong>Es suave y redonda al inicio, con un dulzor maltoso que recuerda a la miel o al pan horneado. Este dulzor se equilibra con sabores frutales y un final seco, ligeramente amargo y especiado. Las notas c\u00edtricas y florales est\u00e1n muy presentes. Tiene una carbonataci\u00f3n viva y una textura refrescante que, junto con su final seco, invita a seguir bebiendo.<\/p>\n<p data-pm-slice=\"1 1 []\"><strong>Perfect Pairings: <\/strong>La carbonataci\u00f3n de la cerveza ayuda a limpiar el paladar de la salinidad de los mariscos como mejillones al vapor, camarones o langostinos a la parrilla o vieiras. Tambien combina muy bien con quesos cremosos como el brie, platos asiaticos como pad thai y currys picantes.<\/p>","protected":false},"featured_media":8790,"comment_status":"open","ping_status":"closed","template":"","meta":{"_eb_attr":""},"product_brand":[],"product_cat":[70,32,244],"product_tag":[273,120],"class_list":{"0":"post-8775","1":"product","2":"type-product","3":"status-publish","4":"has-post-thumbnail","6":"product_cat-cervezas-belgian-ale","7":"product_cat-cervezas-belgas","8":"product_cat-trappistes-rochefort","9":"product_tag-belgian-tripel","10":"product_tag-new-in-town","11":"pa_cervecerias-trappistes-rochefort","12":"pa_filtroestilos-filtroestilo-belgian-ale","13":"pa_filtroestilos-tripel","14":"pa_filtroorigen-filtroorigen-belgica","16":"first","17":"instock","18":"featured","19":"shipping-taxable","20":"purchasable","21":"product-type-simple"},"jetpack_sharing_enabled":true,"_links":{"self":[{"href":"https:\/\/beernation.gt\/en\/wp-json\/wp\/v2\/product\/8775","targetHints":{"allow":["GET"]}}],"collection":[{"href":"https:\/\/beernation.gt\/en\/wp-json\/wp\/v2\/product"}],"about":[{"href":"https:\/\/beernation.gt\/en\/wp-json\/wp\/v2\/types\/product"}],"replies":[{"embeddable":true,"href":"https:\/\/beernation.gt\/en\/wp-json\/wp\/v2\/comments?post=8775"}],"wp:featuredmedia":[{"embeddable":true,"href":"https:\/\/beernation.gt\/en\/wp-json\/wp\/v2\/media\/8790"}],"wp:attachment":[{"href":"https:\/\/beernation.gt\/en\/wp-json\/wp\/v2\/media?parent=8775"}],"wp:term":[{"taxonomy":"product_brand","embeddable":true,"href":"https:\/\/beernation.gt\/en\/wp-json\/wp\/v2\/product_brand?post=8775"},{"taxonomy":"product_cat","embeddable":true,"href":"https:\/\/beernation.gt\/en\/wp-json\/wp\/v2\/product_cat?post=8775"},{"taxonomy":"product_tag","embeddable":true,"href":"https:\/\/beernation.gt\/en\/wp-json\/wp\/v2\/product_tag?post=8775"}],"curies":[{"name":"wp","href":"https:\/\/api.w.org\/{rel}","templated":true}]}}