{"id":8783,"date":"2025-08-27T22:18:53","date_gmt":"2025-08-27T22:18:53","guid":{"rendered":"https:\/\/beernation.gt\/producto\/fuego-ipa\/"},"modified":"2026-04-24T21:03:51","modified_gmt":"2026-04-24T21:03:51","slug":"antigua-brewing-fuego-ipa","status":"publish","type":"product","link":"https:\/\/beernation.gt\/en\/product\/antigua-brewing-fuego-ipa\/","title":{"rendered":"Fuego"},"content":{"rendered":"","protected":false},"excerpt":{"rendered":"<p data-pm-slice=\"1 1 []\"><strong>355ml \/ 12fl oz<\/strong><br \/>\nABV: 6 \/ IBU: 55<br \/>\nEstilo: IPA<br \/>\nCervecer\u00eda: Antigua Brewing Co.<br \/>\nOrigen: Guatemala<\/p>\n<p><strong>Appearance: <\/strong>Presenta un color cobrizo, con una apariencia clara. Se espera una espuma blanca y persistente.<\/p>\n<p data-pm-slice=\"1 1 []\"><strong>Aroma: <\/strong>Los aromas son intensos y afrutados. Se destacan notas de maracuy\u00e1 y c\u00edtricos, que provienen del l\u00fapulo.<\/p>\n<p data-pm-slice=\"1 1 []\"><strong>Taste Profile: <\/strong>El sabor es una combinaci\u00f3n de amargor y notas frutales. Es una cerveza bien lupulada, con un amargor notable, pero equilibrado con el dulzor de la malta. Las notas frutales que se perciben en el aroma tambi\u00e9n est\u00e1n presentes en el sabor, haci\u00e9ndola compleja y sabrosa.<\/p>\n<p data-pm-slice=\"1 1 []\"><strong>Perfect Pairings: <\/strong>Fuego IPA marida perfecto con comidas picantes como currys, comida mexicana como (tacos, enchiladas), o alitas buffalo. La intensidad de la cerveza se complementa bien con el sabor ahumado de las carnes a la parrilla, como bistec, costillas o hamburguesas. Quesos fuertes y grasos, como un cheddar a\u00f1ejo o un queso azul, son un excelente acompa\u00f1amiento.<\/p>","protected":false},"featured_media":8796,"comment_status":"open","ping_status":"closed","template":"","meta":{"_eb_attr":""},"product_brand":[],"product_cat":[249,33,63],"product_tag":[],"class_list":{"0":"post-8783","1":"product","2":"type-product","3":"status-publish","4":"has-post-thumbnail","6":"product_cat-antigua-brewing-co","7":"product_cat-cervezas-guatemaltecas","8":"product_cat-cervezas-ipa","9":"pa_cervecerias-antigua-brewing-co","10":"pa_filtroestilos-filtroestilo-ipa","11":"pa_filtroorigen-filtroorigen-guatemala","13":"first","14":"instock","15":"featured","16":"shipping-taxable","17":"purchasable","18":"product-type-simple"},"jetpack_sharing_enabled":true,"_links":{"self":[{"href":"https:\/\/beernation.gt\/en\/wp-json\/wp\/v2\/product\/8783","targetHints":{"allow":["GET"]}}],"collection":[{"href":"https:\/\/beernation.gt\/en\/wp-json\/wp\/v2\/product"}],"about":[{"href":"https:\/\/beernation.gt\/en\/wp-json\/wp\/v2\/types\/product"}],"replies":[{"embeddable":true,"href":"https:\/\/beernation.gt\/en\/wp-json\/wp\/v2\/comments?post=8783"}],"wp:featuredmedia":[{"embeddable":true,"href":"https:\/\/beernation.gt\/en\/wp-json\/wp\/v2\/media\/8796"}],"wp:attachment":[{"href":"https:\/\/beernation.gt\/en\/wp-json\/wp\/v2\/media?parent=8783"}],"wp:term":[{"taxonomy":"product_brand","embeddable":true,"href":"https:\/\/beernation.gt\/en\/wp-json\/wp\/v2\/product_brand?post=8783"},{"taxonomy":"product_cat","embeddable":true,"href":"https:\/\/beernation.gt\/en\/wp-json\/wp\/v2\/product_cat?post=8783"},{"taxonomy":"product_tag","embeddable":true,"href":"https:\/\/beernation.gt\/en\/wp-json\/wp\/v2\/product_tag?post=8783"}],"curies":[{"name":"wp","href":"https:\/\/api.w.org\/{rel}","templated":true}]}}