{"id":8798,"date":"2025-08-28T19:47:10","date_gmt":"2025-08-28T19:47:10","guid":{"rendered":"https:\/\/beernation.gt\/?post_type=product&#038;p=8798"},"modified":"2026-03-05T23:15:30","modified_gmt":"2026-03-05T23:15:30","slug":"antigua-brewing-shute","status":"publish","type":"product","link":"https:\/\/beernation.gt\/en\/product\/antigua-brewing-shute\/","title":{"rendered":"Shute"},"content":{"rendered":"","protected":false},"excerpt":{"rendered":"<p data-pm-slice=\"1 1 []\"><strong>355ml \/ 12fl oz<\/strong><br \/>\nABV: 5 \/ IBU: 30<br \/>\nEstilo: Pale Ale<br \/>\nCervecer\u00eda: Antigua Brewing Co.<br \/>\nOrigen: Guatemala<\/p>\n<p><strong>Appearance: <\/strong>Tiene un color dorado y una cabeza de espuma blanca con retenci\u00f3n media.<\/p>\n<p data-pm-slice=\"1 1 []\"><strong>Aroma: <\/strong>El aroma es una de sus caracter\u00edsticas principales. Se perciben notas de cereales y l\u00fapulo, con toques frutales y c\u00edtricos.<\/p>\n<p data-pm-slice=\"1 1 []\"><strong>Taste Profile: <\/strong>El sabor es ligero y refrescante, con un balance entre las notas del l\u00fapulo y la malta. No es una cerveza excesivamente amarga, lo que la hace f\u00e1cil de beber. Se pueden percibir notas c\u00edtricas y un ligero amargor al final.<\/p>\n<p data-pm-slice=\"1 1 []\"><strong>Perfect Pairings: <\/strong>Shute Pale Ale marida bien con hamburguesas y pizzas pero tambien con pollo y pescado a la parrilla o fritos. Comidas picantes de la cocina mexicana o tailandeses. Quesos semiduros como el cheddar.<\/p>","protected":false},"featured_media":8797,"comment_status":"open","ping_status":"closed","template":"","meta":{"_eb_attr":""},"product_brand":[],"product_cat":[249,33,68],"product_tag":[],"class_list":{"0":"post-8798","1":"product","2":"type-product","3":"status-publish","4":"has-post-thumbnail","6":"product_cat-antigua-brewing-co","7":"product_cat-cervezas-guatemaltecas","8":"product_cat-cervezas-pale-ale","9":"pa_cervecerias-antigua-brewing-co","10":"pa_filtroestilos-filtroestilo-pale-ale","11":"pa_filtroorigen-filtroorigen-guatemala","13":"first","14":"instock","15":"featured","16":"shipping-taxable","17":"purchasable","18":"product-type-simple"},"jetpack_sharing_enabled":true,"_links":{"self":[{"href":"https:\/\/beernation.gt\/en\/wp-json\/wp\/v2\/product\/8798","targetHints":{"allow":["GET"]}}],"collection":[{"href":"https:\/\/beernation.gt\/en\/wp-json\/wp\/v2\/product"}],"about":[{"href":"https:\/\/beernation.gt\/en\/wp-json\/wp\/v2\/types\/product"}],"replies":[{"embeddable":true,"href":"https:\/\/beernation.gt\/en\/wp-json\/wp\/v2\/comments?post=8798"}],"wp:featuredmedia":[{"embeddable":true,"href":"https:\/\/beernation.gt\/en\/wp-json\/wp\/v2\/media\/8797"}],"wp:attachment":[{"href":"https:\/\/beernation.gt\/en\/wp-json\/wp\/v2\/media?parent=8798"}],"wp:term":[{"taxonomy":"product_brand","embeddable":true,"href":"https:\/\/beernation.gt\/en\/wp-json\/wp\/v2\/product_brand?post=8798"},{"taxonomy":"product_cat","embeddable":true,"href":"https:\/\/beernation.gt\/en\/wp-json\/wp\/v2\/product_cat?post=8798"},{"taxonomy":"product_tag","embeddable":true,"href":"https:\/\/beernation.gt\/en\/wp-json\/wp\/v2\/product_tag?post=8798"}],"curies":[{"name":"wp","href":"https:\/\/api.w.org\/{rel}","templated":true}]}}