{"id":8819,"date":"2025-08-29T02:21:31","date_gmt":"2025-08-29T02:21:31","guid":{"rendered":"https:\/\/beernation.gt\/?post_type=product&#038;p=8819"},"modified":"2026-03-21T01:13:19","modified_gmt":"2026-03-21T01:13:19","slug":"pantera-lager","status":"publish","type":"product","link":"https:\/\/beernation.gt\/en\/product\/pantera-lager\/","title":{"rendered":"Pantera Lager"},"content":{"rendered":"","protected":false},"excerpt":{"rendered":"<p data-pm-slice=\"1 1 []\"><strong>355ml \/ 12fl oz<\/strong><br \/>\nABV: 5 \/ IBU: 25<br \/>\nEstilo: Lager<br \/>\nCervecer\u00eda: Pantera<br \/>\nOrigen: Guatemala<\/p>\n<p><strong>Appearance: <\/strong>De color dorado, brillante y claro. Al servirla, se forma una cabeza de espuma blanca y de buena retenci\u00f3n.<\/p>\n<p data-pm-slice=\"1 1 []\"><strong>Aroma:<\/strong> El aroma es limpio y refrescante, con un sutil car\u00e1cter de cereales y granos.<\/p>\n<p data-pm-slice=\"1 1 []\"><strong>Taste Profile: <\/strong>El sabor es ligero y crujiente, con un dulzor maltoso suave y una amargura de l\u00fapulo muy baja. De cuerpo ligero, con una carbonataci\u00f3n viva que la hace muy refrescante. El final es seco y muy limpio, lo que invita a seguir bebiendo. Es una cerveza que prioriza la sencillez y la bebilidad.<\/p>\n<p data-pm-slice=\"1 1 []\"><strong>Perfect Pairings: <\/strong>Pantera Lager es una vers\u00e1til para maridar con diferentes alimentos. Su sabor neutro y refrescante no compite con los sabores de los alimentos, sino que los complementa. Es la compa\u00f1era perfecta para platos ligeros y frescos como ensaladas, pollo a la parrilla y pescado blanco. Tambi\u00e9n es la elecci\u00f3n cl\u00e1sica para el asado o una hamburguesa gracias a su capacidad para limpiar el paladar de la grasa y prepararlo para el siguiente bocado.<\/p>","protected":false},"featured_media":8820,"comment_status":"open","ping_status":"closed","template":"","meta":{"_eb_attr":""},"product_brand":[],"product_cat":[33,64,251],"product_tag":[120],"class_list":{"0":"post-8819","1":"product","2":"type-product","3":"status-publish","4":"has-post-thumbnail","6":"product_cat-cervezas-guatemaltecas","7":"product_cat-cervezas-lager","8":"product_cat-pantera","9":"product_tag-new-in-town","10":"pa_cervecerias-pantera","11":"pa_filtroestilos-filtroestilo-lager","12":"pa_filtroorigen-filtroorigen-guatemala","14":"first","15":"instock","16":"featured","17":"shipping-taxable","18":"purchasable","19":"product-type-simple"},"jetpack_sharing_enabled":true,"_links":{"self":[{"href":"https:\/\/beernation.gt\/en\/wp-json\/wp\/v2\/product\/8819","targetHints":{"allow":["GET"]}}],"collection":[{"href":"https:\/\/beernation.gt\/en\/wp-json\/wp\/v2\/product"}],"about":[{"href":"https:\/\/beernation.gt\/en\/wp-json\/wp\/v2\/types\/product"}],"replies":[{"embeddable":true,"href":"https:\/\/beernation.gt\/en\/wp-json\/wp\/v2\/comments?post=8819"}],"wp:featuredmedia":[{"embeddable":true,"href":"https:\/\/beernation.gt\/en\/wp-json\/wp\/v2\/media\/8820"}],"wp:attachment":[{"href":"https:\/\/beernation.gt\/en\/wp-json\/wp\/v2\/media?parent=8819"}],"wp:term":[{"taxonomy":"product_brand","embeddable":true,"href":"https:\/\/beernation.gt\/en\/wp-json\/wp\/v2\/product_brand?post=8819"},{"taxonomy":"product_cat","embeddable":true,"href":"https:\/\/beernation.gt\/en\/wp-json\/wp\/v2\/product_cat?post=8819"},{"taxonomy":"product_tag","embeddable":true,"href":"https:\/\/beernation.gt\/en\/wp-json\/wp\/v2\/product_tag?post=8819"}],"curies":[{"name":"wp","href":"https:\/\/api.w.org\/{rel}","templated":true}]}}