{"id":9309,"date":"2025-09-20T03:26:21","date_gmt":"2025-09-20T03:26:21","guid":{"rendered":"https:\/\/beernation.gt\/?post_type=product&#038;p=9309"},"modified":"2026-03-13T22:21:38","modified_gmt":"2026-03-13T22:21:38","slug":"tarro-hofbrau","status":"publish","type":"product","link":"https:\/\/beernation.gt\/en\/product\/tarro-hofbrau\/","title":{"rendered":"Tarro Hofbr\u00e4u"},"content":{"rendered":"","protected":false},"excerpt":{"rendered":"<p><strong>2 tama\u00f1os: 500ml y 1 Litro<\/strong><\/p>\n<p>Siente la tradici\u00f3n del Oktoberfest en tus manos con este aut\u00e9ntico tarro de cerveza Hofbr\u00e4u. Su dise\u00f1o cl\u00e1sico y robusto, con el inconfundible logo de Hofbr\u00e4u M\u00fcnchen, est\u00e1 hecho para que disfrutes de su sabor a la perfecci\u00f3n. Es el recipiente ideal para celebrar con tus amigos y brindar al m\u00e1s puro estilo b\u00e1varo. \u00a1Un brindis por la historia y la alegr\u00eda de M\u00fanich en cada tarro!<\/p>","protected":false},"featured_media":9671,"comment_status":"open","ping_status":"closed","template":"","meta":{"_eb_attr":""},"product_brand":[],"product_cat":[222],"product_tag":[],"class_list":{"0":"post-9309","1":"product","2":"type-product","3":"status-publish","4":"has-post-thumbnail","6":"product_cat-cristaleria","8":"first","9":"instock","10":"shipping-taxable","11":"purchasable","12":"product-type-variable"},"jetpack_sharing_enabled":true,"_links":{"self":[{"href":"https:\/\/beernation.gt\/en\/wp-json\/wp\/v2\/product\/9309","targetHints":{"allow":["GET"]}}],"collection":[{"href":"https:\/\/beernation.gt\/en\/wp-json\/wp\/v2\/product"}],"about":[{"href":"https:\/\/beernation.gt\/en\/wp-json\/wp\/v2\/types\/product"}],"replies":[{"embeddable":true,"href":"https:\/\/beernation.gt\/en\/wp-json\/wp\/v2\/comments?post=9309"}],"wp:featuredmedia":[{"embeddable":true,"href":"https:\/\/beernation.gt\/en\/wp-json\/wp\/v2\/media\/9671"}],"wp:attachment":[{"href":"https:\/\/beernation.gt\/en\/wp-json\/wp\/v2\/media?parent=9309"}],"wp:term":[{"taxonomy":"product_brand","embeddable":true,"href":"https:\/\/beernation.gt\/en\/wp-json\/wp\/v2\/product_brand?post=9309"},{"taxonomy":"product_cat","embeddable":true,"href":"https:\/\/beernation.gt\/en\/wp-json\/wp\/v2\/product_cat?post=9309"},{"taxonomy":"product_tag","embeddable":true,"href":"https:\/\/beernation.gt\/en\/wp-json\/wp\/v2\/product_tag?post=9309"}],"curies":[{"name":"wp","href":"https:\/\/api.w.org\/{rel}","templated":true}]}}