{"id":9396,"date":"2025-09-24T19:54:56","date_gmt":"2025-09-24T19:54:56","guid":{"rendered":"https:\/\/beernation.gt\/?post_type=product&#038;p=9396"},"modified":"2026-03-31T16:56:09","modified_gmt":"2026-03-31T16:56:09","slug":"schneider-festweisse","status":"publish","type":"product","link":"https:\/\/beernation.gt\/en\/product\/schneider-festweisse\/","title":{"rendered":"Festweisse Weissbier"},"content":{"rendered":"","protected":false},"excerpt":{"rendered":"<p data-pm-slice=\"1 1 []\"><strong>500ml \/ 50cl<\/strong><br \/>\nABV: 6.2 \/ IBUs: 28<br \/>\nEstilo: Hefeweizen<br \/>\nCervecer\u00eda: Schneider<br \/>\nOrigen: Alemania<\/p>\n<p><strong>Appearance: <\/strong>De color dorado brillante, con reflejos anaranjados y un aspecto ligeramente turbio, como es t\u00edpico de las cervezas de trigo sin filtrar. Espuma abundante, de color blanco y persistente, que corona el vaso de forma cremosa.<\/p>\n<p data-pm-slice=\"1 1 []\"><strong>Aroma: <\/strong>Predominan las notas frutales y especiadas, t\u00edpicas de la levadura de las Hefeweizen. Destacan aromas a pl\u00e1tano maduro, c\u00edtricos (especialmente por el l\u00fapulo Cascade), y a veces un toque de ciruela. Tambi\u00e9n se perciben claramente notas a clavo de olor y, en ocasiones, un sutil toque a pan reci\u00e9n horneado o levadura.<\/p>\n<p data-pm-slice=\"1 1 []\"><strong>Taste Profile: <\/strong>De cuerpo medio a completo. El sabor es suave y cremoso, con un excelente balance entre el dulzor de la malta de trigo y las especias de la levadura. La malta de trigo aporta una sensaci\u00f3n de pan y cereales, mientras que el l\u00fapulo Cascade le da una nota c\u00edtrica y un amargor muy ligero que la hace a\u00fan m\u00e1s bebible. Final seco, limpio y con un retrogusto ligeramente agridulce.<\/p>\n<p data-pm-slice=\"1 1 []\"><strong>Perfect Pairings: <\/strong>Es una cerveza muy vers\u00e1til, ideal para acompa\u00f1ar platos festivos y de la cocina b\u00e1vara como carnes blancas asadas, salchichas alemanas (como la Wei\u00dfwurst), codillo de cerdo, y otros guisos. Tambi\u00e9n marida bien con ensaladas frescas, quesos suaves (como el de cabra), y pescados o mariscos. En postres, acompa\u00f1a bien con postres a base de frutas o especiados, como un strudel de manzana o un cheesecake.<\/p>","protected":false},"featured_media":9397,"comment_status":"open","ping_status":"closed","template":"","meta":{"_eb_attr":""},"product_brand":[],"product_cat":[31,39,66],"product_tag":[],"class_list":{"0":"post-9396","1":"product","2":"type-product","3":"status-publish","4":"has-post-thumbnail","6":"product_cat-cervezas-alemanas","7":"product_cat-schneider","8":"product_cat-cervezas-trigo-weissbier","9":"pa_cervecerias-cerveceria-schneider","10":"pa_filtroestilos-filtroestilo-trigo-weissbier","11":"pa_filtroorigen-filtroorigen-alemania","13":"first","14":"instock","15":"featured","16":"shipping-taxable","17":"purchasable","18":"product-type-simple"},"jetpack_sharing_enabled":true,"_links":{"self":[{"href":"https:\/\/beernation.gt\/en\/wp-json\/wp\/v2\/product\/9396","targetHints":{"allow":["GET"]}}],"collection":[{"href":"https:\/\/beernation.gt\/en\/wp-json\/wp\/v2\/product"}],"about":[{"href":"https:\/\/beernation.gt\/en\/wp-json\/wp\/v2\/types\/product"}],"replies":[{"embeddable":true,"href":"https:\/\/beernation.gt\/en\/wp-json\/wp\/v2\/comments?post=9396"}],"wp:featuredmedia":[{"embeddable":true,"href":"https:\/\/beernation.gt\/en\/wp-json\/wp\/v2\/media\/9397"}],"wp:attachment":[{"href":"https:\/\/beernation.gt\/en\/wp-json\/wp\/v2\/media?parent=9396"}],"wp:term":[{"taxonomy":"product_brand","embeddable":true,"href":"https:\/\/beernation.gt\/en\/wp-json\/wp\/v2\/product_brand?post=9396"},{"taxonomy":"product_cat","embeddable":true,"href":"https:\/\/beernation.gt\/en\/wp-json\/wp\/v2\/product_cat?post=9396"},{"taxonomy":"product_tag","embeddable":true,"href":"https:\/\/beernation.gt\/en\/wp-json\/wp\/v2\/product_tag?post=9396"}],"curies":[{"name":"wp","href":"https:\/\/api.w.org\/{rel}","templated":true}]}}