{"id":9410,"date":"2025-09-30T20:47:52","date_gmt":"2025-09-30T20:47:52","guid":{"rendered":"https:\/\/beernation.gt\/?post_type=product&#038;p=9410"},"modified":"2026-04-24T21:03:51","modified_gmt":"2026-04-24T21:03:51","slug":"guatemala-baron-el-mago","status":"publish","type":"product","link":"https:\/\/beernation.gt\/en\/product\/guatemala-baron-el-mago\/","title":{"rendered":"El Mago"},"content":{"rendered":"","protected":false},"excerpt":{"rendered":"<p data-pm-slice=\"1 1 []\"><strong>355ml \/ 12fl oz<\/strong><br \/>\nABV: 5.0 \/ IBU: 20<br \/>\nEstilo: K\u00f6lsch<br \/>\nCervecer\u00eda: Baron Brewing Co.<br \/>\nOrigen: Guatemala<\/p>\n<p><strong>Appearance: <\/strong>Color dorado p\u00e1lido, brillante y cristalino, con una cabeza de espuma blanca y persistente.<\/p>\n<p data-pm-slice=\"1 1 []\"><strong>Aroma: <\/strong>Ligeramente a cereal fresco o a pan reci\u00e9n horneado, l\u00fapulos, bajo a medio-bajo, con toques florales, herbales, ligeramente especiados. Un toque frutal sutil, que recuerda a manzana, pera o vino blanco, debido a la fermentaci\u00f3n con levadura de K\u00f6lsch a temperaturas m\u00e1s fr\u00edas.<\/p>\n<p data-pm-slice=\"1 1 []\"><strong>Taste Profile: <\/strong>Cuerpo: Ligero a medio-ligero, muy refrescante. Sabor limpio y suave a malta, con una dulzura inicial muy leve que cede a un final seco y n\u00edtido. Amargor medio-bajo, pero perceptible, que equilibra el dulzor de la malta y lleva a un final seco. El car\u00e1cter frutal del aroma se replica sutilmente en el sabor. Sensaci\u00f3n en Boca: Muy suave, refrescante y bien carbonatada. El final es crujiente y seco, lo que invita a tomar otro sorbo.<\/p>\n<p data-pm-slice=\"1 1 []\"><strong>Perfect Pairings: <\/strong>Esta cerveza acompa\u00f1a bien platillos alemanas como salchichas, Pretzels suaves con mostaza, Schnitzel. Pescados blancos a la plancha o frito, camarones al ajillo, sushis y pollos a la parrilla.<\/p>","protected":false},"featured_media":9412,"comment_status":"open","ping_status":"closed","template":"","meta":{"_eb_attr":""},"product_brand":[],"product_cat":[223,33,68],"product_tag":[239],"class_list":{"0":"post-9410","1":"product","2":"type-product","3":"status-publish","4":"has-post-thumbnail","6":"product_cat-baron-brewing-co","7":"product_cat-cervezas-guatemaltecas","8":"product_cat-cervezas-pale-ale","9":"product_tag-otras-ipa","10":"pa_cervecerias-baron-brewing-company","11":"pa_filtroestilos-filtroestilo-pale-ale","12":"pa_filtroorigen-filtroorigen-guatemala","14":"first","15":"instock","16":"featured","17":"shipping-taxable","18":"purchasable","19":"product-type-simple"},"jetpack_sharing_enabled":true,"_links":{"self":[{"href":"https:\/\/beernation.gt\/en\/wp-json\/wp\/v2\/product\/9410","targetHints":{"allow":["GET"]}}],"collection":[{"href":"https:\/\/beernation.gt\/en\/wp-json\/wp\/v2\/product"}],"about":[{"href":"https:\/\/beernation.gt\/en\/wp-json\/wp\/v2\/types\/product"}],"replies":[{"embeddable":true,"href":"https:\/\/beernation.gt\/en\/wp-json\/wp\/v2\/comments?post=9410"}],"wp:featuredmedia":[{"embeddable":true,"href":"https:\/\/beernation.gt\/en\/wp-json\/wp\/v2\/media\/9412"}],"wp:attachment":[{"href":"https:\/\/beernation.gt\/en\/wp-json\/wp\/v2\/media?parent=9410"}],"wp:term":[{"taxonomy":"product_brand","embeddable":true,"href":"https:\/\/beernation.gt\/en\/wp-json\/wp\/v2\/product_brand?post=9410"},{"taxonomy":"product_cat","embeddable":true,"href":"https:\/\/beernation.gt\/en\/wp-json\/wp\/v2\/product_cat?post=9410"},{"taxonomy":"product_tag","embeddable":true,"href":"https:\/\/beernation.gt\/en\/wp-json\/wp\/v2\/product_tag?post=9410"}],"curies":[{"name":"wp","href":"https:\/\/api.w.org\/{rel}","templated":true}]}}