{"id":9569,"date":"2025-10-10T23:28:24","date_gmt":"2025-10-10T23:28:24","guid":{"rendered":"https:\/\/beernation.gt\/?post_type=product&#038;p=9569"},"modified":"2026-04-14T14:26:14","modified_gmt":"2026-04-14T14:26:14","slug":"paulaner-weissbier-lata","status":"publish","type":"product","link":"https:\/\/beernation.gt\/en\/product\/paulaner-weissbier-lata\/","title":{"rendered":"Paulaner Weissbier"},"content":{"rendered":"","protected":false},"excerpt":{"rendered":"<p data-pm-slice=\"1 1 []\"><strong>500ml \/ 50cl<\/strong><br \/>\nABV: 5.5 \/ IBU: 10<br \/>\nEstilo: Weissbier<br \/>\nCervecer\u00eda: Paulaner<br \/>\nOrigen: Alemania<\/p>\n<p><strong>Appearance: <\/strong>Dorado sedoso con destellos \u00e1mbar, naturalmente turbia, de espuma abundante, densa, cremosa y de color blanco o ligeramente amarillento. Excelente retenci\u00f3n, formando una corona persistente.<\/p>\n<p data-pm-slice=\"1 1 []\"><strong>Aroma: <\/strong>Notas pronunciadas de banano, clavo de olor. Se perciben tambi\u00e9n matices de mango y pi\u00f1a, incluso algo de chicle. Toques c\u00edtricos y ligero aroma a pan fresco, trigo y levadura.<\/p>\n<p data-pm-slice=\"1 1 []\"><strong>Taste Profile: <\/strong>De cuerpo medio, con equilibrio excelente entre la dulzura de la malta y un amargor muy sutil del l\u00fapulo. El banano y el clavo son los protagonistas, replicando las notas arom\u00e1ticas. Sabor a trigo y malta, con una ligera dulzura. Puede tener un toque a panader\u00eda. Textura suave y sedosa en boca, con una carbonataci\u00f3n media a alta que le da un car\u00e1cter chispeante y refrescante. Final seco, limpio y refrescante, con un regusto a pl\u00e1tano y chicle.<\/p>\n<p data-pm-slice=\"1 1 []\"><strong>Perfect Pairings: <\/strong>Platos B\u00e1varos como salchichas alemanas (Weisswurst), pretzels. Carnes blancas, cerdo, pollo. Pescados suaves como corvina a la plancha, quesos suaves como Brie o Camembert y postres a base de frutas.<\/p>","protected":false},"featured_media":9570,"comment_status":"open","ping_status":"closed","template":"","meta":{"_eb_attr":""},"product_brand":[],"product_cat":[31,226,66],"product_tag":[],"class_list":{"0":"post-9569","1":"product","2":"type-product","3":"status-publish","4":"has-post-thumbnail","6":"product_cat-cervezas-alemanas","7":"product_cat-paulaner","8":"product_cat-cervezas-trigo-weissbier","9":"pa_cervecerias-paulaner","10":"pa_filtroestilos-filtroestilo-trigo-weissbier","11":"pa_filtroorigen-filtroorigen-alemania","13":"first","14":"instock","15":"featured","16":"shipping-taxable","17":"purchasable","18":"product-type-simple"},"jetpack_sharing_enabled":true,"_links":{"self":[{"href":"https:\/\/beernation.gt\/en\/wp-json\/wp\/v2\/product\/9569","targetHints":{"allow":["GET"]}}],"collection":[{"href":"https:\/\/beernation.gt\/en\/wp-json\/wp\/v2\/product"}],"about":[{"href":"https:\/\/beernation.gt\/en\/wp-json\/wp\/v2\/types\/product"}],"replies":[{"embeddable":true,"href":"https:\/\/beernation.gt\/en\/wp-json\/wp\/v2\/comments?post=9569"}],"wp:featuredmedia":[{"embeddable":true,"href":"https:\/\/beernation.gt\/en\/wp-json\/wp\/v2\/media\/9570"}],"wp:attachment":[{"href":"https:\/\/beernation.gt\/en\/wp-json\/wp\/v2\/media?parent=9569"}],"wp:term":[{"taxonomy":"product_brand","embeddable":true,"href":"https:\/\/beernation.gt\/en\/wp-json\/wp\/v2\/product_brand?post=9569"},{"taxonomy":"product_cat","embeddable":true,"href":"https:\/\/beernation.gt\/en\/wp-json\/wp\/v2\/product_cat?post=9569"},{"taxonomy":"product_tag","embeddable":true,"href":"https:\/\/beernation.gt\/en\/wp-json\/wp\/v2\/product_tag?post=9569"}],"curies":[{"name":"wp","href":"https:\/\/api.w.org\/{rel}","templated":true}]}}