{"id":9665,"date":"2025-10-17T20:14:44","date_gmt":"2025-10-17T20:14:44","guid":{"rendered":"https:\/\/beernation.gt\/?post_type=product&#038;p=9665"},"modified":"2026-04-24T16:12:50","modified_gmt":"2026-04-24T16:12:50","slug":"belgian-white-blue-moon","status":"publish","type":"product","link":"https:\/\/beernation.gt\/en\/product\/belgian-white-blue-moon\/","title":{"rendered":"Blue Moon (Belgian White) Lata"},"content":{"rendered":"","protected":false},"excerpt":{"rendered":"<p data-pm-slice=\"1 1 []\"><strong>16 FL OZ.\/ 473 ml<br \/>\n<\/strong>ABV: 5.4 \/ IBU: 9<br \/>\nEstilo: Witbier<br \/>\nCervecer\u00eda: Blue Moon<br \/>\nOrigen: Estados Unidos<\/p>\n<p><strong>Appearance: <\/strong>Presenta un color dorado claro y una ligera opacidad otorgada por su componente de trigo.<\/p>\n<p data-pm-slice=\"1 1 []\"><strong>Aroma: <\/strong>Se perciben notas c\u00edtricas y especiadas, con un toque de naranja y cilantro t\u00edpicos el estilo.<\/p>\n<p data-pm-slice=\"1 1 []\"><strong>Taste Profile: <\/strong>Sabor refrescante y equilibrado, con toques de naranja y especias que complementan la suavidad del trigo y la avena. Su textura cremosa y su final suave hacen que sea una cerveza f\u00e1cil de beber.<\/p>\n<p data-pm-slice=\"1 1 []\"><strong>Perfect Pairings: <\/strong>Marida bien con una variedad de platos ligeros y frescos como ensaladas, pescados y mariscos. Su perfil c\u00edtrico y especiado la hace especialmente adecuada para acompa\u00f1ar platos con sabores mediterr\u00e1neos, como paellas, ceviches y tacos de pescado.<\/p>","protected":false},"featured_media":9666,"comment_status":"open","ping_status":"closed","template":"","meta":{"_eb_attr":""},"product_brand":[],"product_cat":[181,41,211,66],"product_tag":[234],"class_list":{"0":"post-9665","1":"product","2":"type-product","3":"status-publish","4":"has-post-thumbnail","6":"product_cat-blue-moon","7":"product_cat-cervezas-estadounidenses","8":"product_cat-recomendacion-beernation","9":"product_cat-cervezas-trigo-weissbier","10":"product_tag-best-sellers","11":"pa_cervecerias-blue-moon","12":"pa_filtroestilos-filtroestilo-trigo-weissbier","13":"pa_filtroorigen-filtroorigen-estadounidense","15":"first","16":"instock","17":"featured","18":"purchasable","19":"product-type-simple"},"jetpack_sharing_enabled":true,"_links":{"self":[{"href":"https:\/\/beernation.gt\/en\/wp-json\/wp\/v2\/product\/9665","targetHints":{"allow":["GET"]}}],"collection":[{"href":"https:\/\/beernation.gt\/en\/wp-json\/wp\/v2\/product"}],"about":[{"href":"https:\/\/beernation.gt\/en\/wp-json\/wp\/v2\/types\/product"}],"replies":[{"embeddable":true,"href":"https:\/\/beernation.gt\/en\/wp-json\/wp\/v2\/comments?post=9665"}],"wp:featuredmedia":[{"embeddable":true,"href":"https:\/\/beernation.gt\/en\/wp-json\/wp\/v2\/media\/9666"}],"wp:attachment":[{"href":"https:\/\/beernation.gt\/en\/wp-json\/wp\/v2\/media?parent=9665"}],"wp:term":[{"taxonomy":"product_brand","embeddable":true,"href":"https:\/\/beernation.gt\/en\/wp-json\/wp\/v2\/product_brand?post=9665"},{"taxonomy":"product_cat","embeddable":true,"href":"https:\/\/beernation.gt\/en\/wp-json\/wp\/v2\/product_cat?post=9665"},{"taxonomy":"product_tag","embeddable":true,"href":"https:\/\/beernation.gt\/en\/wp-json\/wp\/v2\/product_tag?post=9665"}],"curies":[{"name":"wp","href":"https:\/\/api.w.org\/{rel}","templated":true}]}}