{"id":9672,"date":"2025-10-17T21:28:08","date_gmt":"2025-10-17T21:28:08","guid":{"rendered":"https:\/\/beernation.gt\/producto\/producto\/"},"modified":"2026-01-07T00:40:53","modified_gmt":"2026-01-07T00:40:53","slug":"hofbrau-combo","status":"publish","type":"product","link":"https:\/\/beernation.gt\/en\/product\/hofbrau-combo\/","title":{"rendered":"Hofbr\u00e4u Pack"},"content":{"rendered":"","protected":false},"excerpt":{"rendered":"<p><strong>\u00a1Tu Fiesta del Oktoberfest en Casa: Barril Hofbr\u00e4u (5L) + Tarro de 1L!<\/strong><\/p>\n<p>Vive la aut\u00e9ntica tradici\u00f3n de M\u00fanich con el combo perfecto. Recibe 5 litros de la legendaria Hofbr\u00e4u Oktoberfestbier, una cerveza M\u00e4rzen suave, maltosa y festiva que se sirve en el festival m\u00e1s grande del mundo.<\/p>\n<p>Acomp\u00e1\u00f1ala con el tarro oficial de 1 litro. Simplemente enfr\u00eda y disfruta de 5 litros de frescura garantizada y el placer de servirte como en la mism\u00edsima Hofbr\u00e4uhaus.<\/p>\n<p>\u00a1El kit esencial para un Prost! inolvidable.<\/p>","protected":false},"featured_media":9677,"comment_status":"open","ping_status":"closed","template":"","meta":{"_eb_attr":""},"product_brand":[],"product_cat":[31,169],"product_tag":[],"class_list":{"0":"post-9672","1":"product","2":"type-product","3":"status-publish","4":"has-post-thumbnail","6":"product_cat-cervezas-alemanas","7":"product_cat-hofbrauhaus","9":"first","10":"outofstock","11":"featured","12":"shipping-taxable","13":"purchasable","14":"product-type-simple"},"jetpack_sharing_enabled":true,"_links":{"self":[{"href":"https:\/\/beernation.gt\/en\/wp-json\/wp\/v2\/product\/9672","targetHints":{"allow":["GET"]}}],"collection":[{"href":"https:\/\/beernation.gt\/en\/wp-json\/wp\/v2\/product"}],"about":[{"href":"https:\/\/beernation.gt\/en\/wp-json\/wp\/v2\/types\/product"}],"replies":[{"embeddable":true,"href":"https:\/\/beernation.gt\/en\/wp-json\/wp\/v2\/comments?post=9672"}],"wp:featuredmedia":[{"embeddable":true,"href":"https:\/\/beernation.gt\/en\/wp-json\/wp\/v2\/media\/9677"}],"wp:attachment":[{"href":"https:\/\/beernation.gt\/en\/wp-json\/wp\/v2\/media?parent=9672"}],"wp:term":[{"taxonomy":"product_brand","embeddable":true,"href":"https:\/\/beernation.gt\/en\/wp-json\/wp\/v2\/product_brand?post=9672"},{"taxonomy":"product_cat","embeddable":true,"href":"https:\/\/beernation.gt\/en\/wp-json\/wp\/v2\/product_cat?post=9672"},{"taxonomy":"product_tag","embeddable":true,"href":"https:\/\/beernation.gt\/en\/wp-json\/wp\/v2\/product_tag?post=9672"}],"curies":[{"name":"wp","href":"https:\/\/api.w.org\/{rel}","templated":true}]}}