{"id":9674,"date":"2025-10-17T21:41:49","date_gmt":"2025-10-17T21:41:49","guid":{"rendered":"https:\/\/beernation.gt\/?post_type=product&#038;p=9674"},"modified":"2026-03-06T00:42:33","modified_gmt":"2026-03-06T00:42:33","slug":"schneider-hefeweissbier-naturtrub","status":"publish","type":"product","link":"https:\/\/beernation.gt\/en\/product\/schneider-hefeweissbier-naturtrub\/","title":{"rendered":"Hefeweissbier Naturtr\u00fcb"},"content":{"rendered":"<blockquote><p>&nbsp;<\/p><\/blockquote>","protected":false},"excerpt":{"rendered":"<p data-pm-slice=\"1 1 []\"><strong>330ml \/ 33cl<\/strong><br \/>\nABV: 4.9 \/ IBUs: 14<br \/>\nEstilo: Hefeweizen<br \/>\nCervecer\u00eda: Schneider<br \/>\nOrigen: Alemania<\/p>\n<p><strong>Appearance: <\/strong>Color amarillo p\u00e1lido a dorado, con reflejos dorados. Es turbia (naturtr\u00fcb significa turbidez natural), debido a la levadura en suspensi\u00f3n. Desarrolla una espuma blanca, densa y cremosa y de buena persistencia.<\/p>\n<p><strong>Aroma<\/strong>: Intenso y complejo, dominado por las notas cl\u00e1sicas de la levadura Weissbier: pl\u00e1tano maduro y clavo de olor (especiado). Tambi\u00e9n se perciben toques de cereal tostado y un ligero matiz c\u00edtrico o a vainilla.<\/p>\n<p data-pm-slice=\"1 1 []\"><strong>Taste Profile: <\/strong>En boca es fresca, afrutada y con cuerpo, pero f\u00e1cil de beber. Predomina una dulzura maltosa del trigo. Se confirman las notas de pl\u00e1tano y clavo. Presenta un amargor leve y sutil (alrededor de 14 IBU) que aporta equilibrio, a veces con un ligero toque c\u00edtrico (c\u00e1scara de naranja o pomelo). El final es refrescante y suave.<\/p>\n<p data-pm-slice=\"1 1 []\"><strong>Perfect Pairings: <\/strong>Excelente con ensaladas frescas, pescados blancos, mariscos, platos de pollo o cerdo, salchichas b\u00e1varas (como la Weisswurst), y quesos suaves o cremosos (como el Brie). Tambi\u00e9n armoniza bien con postres afrutados o strudel de manzana.<\/p>","protected":false},"featured_media":9678,"comment_status":"open","ping_status":"closed","template":"","meta":{"_eb_attr":""},"product_brand":[],"product_cat":[31,39,66],"product_tag":[120],"class_list":{"0":"post-9674","1":"product","2":"type-product","3":"status-publish","4":"has-post-thumbnail","6":"product_cat-cervezas-alemanas","7":"product_cat-schneider","8":"product_cat-cervezas-trigo-weissbier","9":"product_tag-new-in-town","10":"pa_cervecerias-cerveceria-schneider","11":"pa_filtroestilos-filtroestilo-trigo-weissbier","12":"pa_filtroorigen-filtroorigen-alemania","14":"first","15":"instock","16":"featured","17":"shipping-taxable","18":"purchasable","19":"product-type-simple"},"jetpack_sharing_enabled":true,"_links":{"self":[{"href":"https:\/\/beernation.gt\/en\/wp-json\/wp\/v2\/product\/9674","targetHints":{"allow":["GET"]}}],"collection":[{"href":"https:\/\/beernation.gt\/en\/wp-json\/wp\/v2\/product"}],"about":[{"href":"https:\/\/beernation.gt\/en\/wp-json\/wp\/v2\/types\/product"}],"replies":[{"embeddable":true,"href":"https:\/\/beernation.gt\/en\/wp-json\/wp\/v2\/comments?post=9674"}],"wp:featuredmedia":[{"embeddable":true,"href":"https:\/\/beernation.gt\/en\/wp-json\/wp\/v2\/media\/9678"}],"wp:attachment":[{"href":"https:\/\/beernation.gt\/en\/wp-json\/wp\/v2\/media?parent=9674"}],"wp:term":[{"taxonomy":"product_brand","embeddable":true,"href":"https:\/\/beernation.gt\/en\/wp-json\/wp\/v2\/product_brand?post=9674"},{"taxonomy":"product_cat","embeddable":true,"href":"https:\/\/beernation.gt\/en\/wp-json\/wp\/v2\/product_cat?post=9674"},{"taxonomy":"product_tag","embeddable":true,"href":"https:\/\/beernation.gt\/en\/wp-json\/wp\/v2\/product_tag?post=9674"}],"curies":[{"name":"wp","href":"https:\/\/api.w.org\/{rel}","templated":true}]}}