{"id":9773,"date":"2025-10-26T22:39:36","date_gmt":"2025-10-26T22:39:36","guid":{"rendered":"https:\/\/beernation.gt\/?post_type=product&#038;p=9773"},"modified":"2026-01-07T00:33:59","modified_gmt":"2026-01-07T00:33:59","slug":"pantera-punkn-panther","status":"publish","type":"product","link":"https:\/\/beernation.gt\/en\/product\/pantera-punkn-panther\/","title":{"rendered":"Punk&#8217;N Panther"},"content":{"rendered":"","protected":false},"excerpt":{"rendered":"<p data-pm-slice=\"1 1 []\"><strong>355ml \/ 12fl oz<\/strong><br \/>\nABV: 4.8<br \/>\nEstilo: Seasonal Ale\/Pumpkin Ale<br \/>\nCervecer\u00eda: Pantera<br \/>\nOrigen: Guatemala<\/p>\n<p><strong>Appearance: <\/strong>Color \u00e1mbar a cobre, a menudo turbia.<\/p>\n<p data-pm-slice=\"1 1 []\"><strong>Aroma: <\/strong>Dominante de especias de pastel de calabaza (canela, nuez moscada, clavo, jengibre), con notas sutiles a malta y a veces un ligero toque terroso de la calabaza.<\/p>\n<p data-pm-slice=\"1 1 []\"><strong>Taste Profile: <\/strong>Sabores dulces y maltosos que recuerdan al pastel o pan de calabaza, equilibrados por las especias. El dulzor es usualmente moderado y la calabaza en s\u00ed puede dar una nota m\u00e1s sutil o de fondo, complementando las especias. Cuerpo medio a pleno, con carbonataci\u00f3n moderada.<\/p>\n<p data-pm-slice=\"1 1 []\"><strong>Perfect Pairings:\u00a0<\/strong>Platos de Oto\u00f1o\/Festivos: Pavo o pollo asado, relleno con salvia, sopas cremosas de calabaza o butternut squash, y platillos con notas de jengibre y canela. Comida Confortable y Quesos: Macarrones con queso, chili de res o vegetariano, y quesos de media intensidad como el Gruy\u00e8re o Gouda joven. Postres: Postres de panader\u00eda con canela y manzana (crumbles, muffins), cheesecake simple o un brownie de chocolate no muy amargo.<\/p>","protected":false},"featured_media":9749,"comment_status":"open","ping_status":"closed","template":"","meta":{"_eb_attr":""},"product_brand":[],"product_cat":[69,33,251],"product_tag":[239],"class_list":{"0":"post-9773","1":"product","2":"type-product","3":"status-publish","4":"has-post-thumbnail","6":"product_cat-cervezas-brown-amber","7":"product_cat-cervezas-guatemaltecas","8":"product_cat-pantera","9":"product_tag-otras-ipa","10":"pa_cervecerias-pantera","11":"pa_filtroestilos-filtroestilo-brown-amber-ale","12":"pa_filtroorigen-filtroorigen-guatemala","14":"first","15":"outofstock","16":"featured","17":"shipping-taxable","18":"purchasable","19":"product-type-simple"},"jetpack_sharing_enabled":true,"_links":{"self":[{"href":"https:\/\/beernation.gt\/en\/wp-json\/wp\/v2\/product\/9773","targetHints":{"allow":["GET"]}}],"collection":[{"href":"https:\/\/beernation.gt\/en\/wp-json\/wp\/v2\/product"}],"about":[{"href":"https:\/\/beernation.gt\/en\/wp-json\/wp\/v2\/types\/product"}],"replies":[{"embeddable":true,"href":"https:\/\/beernation.gt\/en\/wp-json\/wp\/v2\/comments?post=9773"}],"wp:featuredmedia":[{"embeddable":true,"href":"https:\/\/beernation.gt\/en\/wp-json\/wp\/v2\/media\/9749"}],"wp:attachment":[{"href":"https:\/\/beernation.gt\/en\/wp-json\/wp\/v2\/media?parent=9773"}],"wp:term":[{"taxonomy":"product_brand","embeddable":true,"href":"https:\/\/beernation.gt\/en\/wp-json\/wp\/v2\/product_brand?post=9773"},{"taxonomy":"product_cat","embeddable":true,"href":"https:\/\/beernation.gt\/en\/wp-json\/wp\/v2\/product_cat?post=9773"},{"taxonomy":"product_tag","embeddable":true,"href":"https:\/\/beernation.gt\/en\/wp-json\/wp\/v2\/product_tag?post=9773"}],"curies":[{"name":"wp","href":"https:\/\/api.w.org\/{rel}","templated":true}]}}