{"id":9775,"date":"2025-10-26T22:54:55","date_gmt":"2025-10-26T22:54:55","guid":{"rendered":"https:\/\/beernation.gt\/?post_type=product&#038;p=9775"},"modified":"2026-04-26T17:50:25","modified_gmt":"2026-04-26T17:50:25","slug":"rogue-batsquatch-ipa","status":"publish","type":"product","link":"https:\/\/beernation.gt\/en\/product\/rogue-batsquatch-ipa\/","title":{"rendered":"Batsquatch"},"content":{"rendered":"","protected":false},"excerpt":{"rendered":"<p data-pm-slice=\"1 1 []\"><strong>355ml \/ 12fl oz<br \/>\n<\/strong>ABV: 6.8 \/ IBU:54<br \/>\nEstilo: Hazy IPA<br \/>\nCervecer\u00eda: Rogue<br \/>\nOrigen: Estados Unidos<\/p>\n<p><strong>Appearance: <\/strong>Naranja opaco y turbio.<\/p>\n<p data-pm-slice=\"1 1 []\"><strong>Aroma: <\/strong>Mel\u00f3n, mandarinas, melocot\u00f3n muy maduro, nectarina, bayas mixtas y malta dulce con notas a pan.<\/p>\n<p data-pm-slice=\"1 1 []\"><strong>Taste Profile: <\/strong>Frutas, maltas de caramelo de fondo, una pizca de avena, mel\u00f3n claro, un toque de lim\u00f3n, ralladura de c\u00edtricos ligera, m\u00e9dula de c\u00edtricos en el final. No mucho regusto. Sensaci\u00f3n en boca suave, deslizante y de cuerpo medio con un medio brillante y un final resbaladizo, limpio y de longitud media.<\/p>\n<p data-pm-slice=\"1 1 []\"><strong>Perfect Pairings: <\/strong>Comida picante, tacos, comida thai y\/o asi\u00e1tica.<\/p>\n<p data-pm-slice=\"1 1 []\">","protected":false},"featured_media":9750,"comment_status":"open","ping_status":"closed","template":"","meta":{"_eb_attr":""},"product_brand":[],"product_cat":[41,196,63,188,44],"product_tag":[242],"class_list":{"0":"post-9775","1":"product","2":"type-product","3":"status-publish","4":"has-post-thumbnail","6":"product_cat-cervezas-estadounidenses","7":"product_cat-hazy-ipa","8":"product_cat-cervezas-ipa","9":"product_cat-ipa-gringas","10":"product_cat-rogue","11":"product_tag-neipa","12":"pa_cervecerias-cerveceria-rogue","13":"pa_filtroestilos-filtroestilo-ipa","14":"pa_filtroorigen-filtroorigen-estadounidense","16":"first","17":"instock","18":"featured","19":"shipping-taxable","20":"purchasable","21":"product-type-simple"},"jetpack_sharing_enabled":true,"_links":{"self":[{"href":"https:\/\/beernation.gt\/en\/wp-json\/wp\/v2\/product\/9775","targetHints":{"allow":["GET"]}}],"collection":[{"href":"https:\/\/beernation.gt\/en\/wp-json\/wp\/v2\/product"}],"about":[{"href":"https:\/\/beernation.gt\/en\/wp-json\/wp\/v2\/types\/product"}],"replies":[{"embeddable":true,"href":"https:\/\/beernation.gt\/en\/wp-json\/wp\/v2\/comments?post=9775"}],"wp:featuredmedia":[{"embeddable":true,"href":"https:\/\/beernation.gt\/en\/wp-json\/wp\/v2\/media\/9750"}],"wp:attachment":[{"href":"https:\/\/beernation.gt\/en\/wp-json\/wp\/v2\/media?parent=9775"}],"wp:term":[{"taxonomy":"product_brand","embeddable":true,"href":"https:\/\/beernation.gt\/en\/wp-json\/wp\/v2\/product_brand?post=9775"},{"taxonomy":"product_cat","embeddable":true,"href":"https:\/\/beernation.gt\/en\/wp-json\/wp\/v2\/product_cat?post=9775"},{"taxonomy":"product_tag","embeddable":true,"href":"https:\/\/beernation.gt\/en\/wp-json\/wp\/v2\/product_tag?post=9775"}],"curies":[{"name":"wp","href":"https:\/\/api.w.org\/{rel}","templated":true}]}}