{"id":9895,"date":"2025-11-07T17:20:10","date_gmt":"2025-11-07T17:20:10","guid":{"rendered":"https:\/\/beernation.gt\/?post_type=product&#038;p=9895"},"modified":"2026-04-26T17:50:11","modified_gmt":"2026-04-26T17:50:11","slug":"entremares-tropico-trigo","status":"publish","type":"product","link":"https:\/\/beernation.gt\/en\/product\/entremares-tropico-trigo\/","title":{"rendered":"Tr\u00f3pico Trigo"},"content":{"rendered":"","protected":false},"excerpt":{"rendered":"<p data-pm-slice=\"1 1 []\"><strong>355ml \/ 12fl oz<\/strong><br \/>\nABV: 5.1 \/ IBU: 25<br \/>\nEstilo: Tropical Wheat Ale<br \/>\nCervecer\u00eda: Cerveza Entremares<br \/>\nOrigen: Guatemala<\/p>\n<p><strong>Appearance:<\/strong> De color dorado turbio o amarillo turbio, caracter\u00edstico de las cervezas de trigo sin filtrar. De espuma blanca y retenci\u00f3n media.<\/p>\n<p data-pm-slice=\"1 1 []\"><strong>Aroma: <\/strong>Se percibe un ligero aroma especiado de los l\u00fapulos, complementado con notas c\u00edtricas a naranja (provenientes de su c\u00e1scara), trigo y un toque final de miel.<\/p>\n<p data-pm-slice=\"1 1 []\"><strong>Taste Profile: <\/strong>Suave, ligera y extraordinariamente refrescante. Esta cerveza presenta un cuerpo agradable con distintivos sabores a trigo y pan que se equilibran con un dulzor inicial muy sutil. Hacia el final, las notas c\u00edtricas realzan su frescura, dejando un final ligeramente seco y placentero. Con un IBU de 25, su amargor bajo-medio garantiza un equilibrio perfecto.<\/p>\n<p data-pm-slice=\"1 1 []\"><strong>Perfect Pairings: <\/strong>Ideal con comidas frescas y ligeras como pastas, ensaladas, sushi, mariscos y pollo.<\/p>","protected":false},"featured_media":9896,"comment_status":"open","ping_status":"closed","template":"","meta":{"_eb_attr":""},"product_brand":[],"product_cat":[258,33,68,66],"product_tag":[239],"class_list":{"0":"post-9895","1":"product","2":"type-product","3":"status-publish","4":"has-post-thumbnail","6":"product_cat-cerveza-entremares","7":"product_cat-cervezas-guatemaltecas","8":"product_cat-cervezas-pale-ale","9":"product_cat-cervezas-trigo-weissbier","10":"product_tag-otras-ipa","11":"pa_cervecerias-cerveza-entremares","12":"pa_filtroestilos-filtroestilo-pale-ale","13":"pa_filtroestilos-filtroestilo-trigo-weissbier","14":"pa_filtroorigen-filtroorigen-guatemala","16":"first","17":"instock","18":"featured","19":"shipping-taxable","20":"purchasable","21":"product-type-simple"},"jetpack_sharing_enabled":true,"_links":{"self":[{"href":"https:\/\/beernation.gt\/en\/wp-json\/wp\/v2\/product\/9895","targetHints":{"allow":["GET"]}}],"collection":[{"href":"https:\/\/beernation.gt\/en\/wp-json\/wp\/v2\/product"}],"about":[{"href":"https:\/\/beernation.gt\/en\/wp-json\/wp\/v2\/types\/product"}],"replies":[{"embeddable":true,"href":"https:\/\/beernation.gt\/en\/wp-json\/wp\/v2\/comments?post=9895"}],"wp:featuredmedia":[{"embeddable":true,"href":"https:\/\/beernation.gt\/en\/wp-json\/wp\/v2\/media\/9896"}],"wp:attachment":[{"href":"https:\/\/beernation.gt\/en\/wp-json\/wp\/v2\/media?parent=9895"}],"wp:term":[{"taxonomy":"product_brand","embeddable":true,"href":"https:\/\/beernation.gt\/en\/wp-json\/wp\/v2\/product_brand?post=9895"},{"taxonomy":"product_cat","embeddable":true,"href":"https:\/\/beernation.gt\/en\/wp-json\/wp\/v2\/product_cat?post=9895"},{"taxonomy":"product_tag","embeddable":true,"href":"https:\/\/beernation.gt\/en\/wp-json\/wp\/v2\/product_tag?post=9895"}],"curies":[{"name":"wp","href":"https:\/\/api.w.org\/{rel}","templated":true}]}}