{"id":9897,"date":"2025-11-07T17:36:11","date_gmt":"2025-11-07T17:36:11","guid":{"rendered":"https:\/\/beernation.gt\/?post_type=product&#038;p=9897"},"modified":"2026-04-26T17:49:36","modified_gmt":"2026-04-26T17:49:36","slug":"entremares-isla-bendita","status":"publish","type":"product","link":"https:\/\/beernation.gt\/en\/product\/entremares-isla-bendita\/","title":{"rendered":"Isla Bendita"},"content":{"rendered":"","protected":false},"excerpt":{"rendered":"<p data-pm-slice=\"1 1 []\"><strong>355ml \/ 12fl oz<\/strong><br \/>\nABV: 4.7 \/ IBU: 21<br \/>\nEstilo: Grisette<br \/>\nCervecer\u00eda: Cerveza Entremares<br \/>\nOrigen: Guatemala<\/p>\n<p><strong>Appearance:<\/strong> Amarillo brillante, ligeramente turbia. De espuma blanca y densa, con buena retenci\u00f3n, gracias a la levadura \u00abSaison\u00bb y la carbonataci\u00f3n media-alta.<\/p>\n<p data-pm-slice=\"1 1 []\"><strong>Aroma: <\/strong>Se aprecian notas frutales como melocot\u00f3n, mango y especies como pimienta blanca y florales.<\/p>\n<p data-pm-slice=\"1 1 []\"><strong>Taste Profile: <\/strong>El sabor est\u00e1 dominado por el car\u00e1cter brillante y frutal del l\u00fapulo Neozeland\u00e9s complementado por las notas especiadas de la levadura. Con un amargor bajo-medio que es suficiente para equilibrar el dulzor del trigo sin ser dominante. El final es seco y refrescante, lo que invita a tomar otro sorbo, caracter\u00edstico del estilo Grisette. De cuerpo ligero y muy f\u00e1cil de beber, perfecto para el calor. Tiene una carbonataci\u00f3n media a alta, lo que resalta la frescura y ayuda a que el final se sienta seco.<\/p>\n<p data-pm-slice=\"1 1 []\"><strong>Perfect Pairings: <\/strong>Combina con platos ligeros como pescados a la plancha, mejillones, sushi y ensaladas con c\u00edtricos. Tambien marida perfecto con quesos suaves como el brie y jamones curados.<\/p>","protected":false},"featured_media":9898,"comment_status":"open","ping_status":"closed","template":"","meta":{"_eb_attr":""},"product_brand":[],"product_cat":[258,33,68,66],"product_tag":[239],"class_list":{"0":"post-9897","1":"product","2":"type-product","3":"status-publish","4":"has-post-thumbnail","6":"product_cat-cerveza-entremares","7":"product_cat-cervezas-guatemaltecas","8":"product_cat-cervezas-pale-ale","9":"product_cat-cervezas-trigo-weissbier","10":"product_tag-otras-ipa","11":"pa_cervecerias-cerveza-entremares","12":"pa_filtroestilos-filtroestilo-pale-ale","13":"pa_filtroestilos-filtroestilo-trigo-weissbier","14":"pa_filtroorigen-filtroorigen-guatemala","16":"first","17":"instock","18":"featured","19":"shipping-taxable","20":"purchasable","21":"product-type-simple"},"jetpack_sharing_enabled":true,"_links":{"self":[{"href":"https:\/\/beernation.gt\/en\/wp-json\/wp\/v2\/product\/9897","targetHints":{"allow":["GET"]}}],"collection":[{"href":"https:\/\/beernation.gt\/en\/wp-json\/wp\/v2\/product"}],"about":[{"href":"https:\/\/beernation.gt\/en\/wp-json\/wp\/v2\/types\/product"}],"replies":[{"embeddable":true,"href":"https:\/\/beernation.gt\/en\/wp-json\/wp\/v2\/comments?post=9897"}],"wp:featuredmedia":[{"embeddable":true,"href":"https:\/\/beernation.gt\/en\/wp-json\/wp\/v2\/media\/9898"}],"wp:attachment":[{"href":"https:\/\/beernation.gt\/en\/wp-json\/wp\/v2\/media?parent=9897"}],"wp:term":[{"taxonomy":"product_brand","embeddable":true,"href":"https:\/\/beernation.gt\/en\/wp-json\/wp\/v2\/product_brand?post=9897"},{"taxonomy":"product_cat","embeddable":true,"href":"https:\/\/beernation.gt\/en\/wp-json\/wp\/v2\/product_cat?post=9897"},{"taxonomy":"product_tag","embeddable":true,"href":"https:\/\/beernation.gt\/en\/wp-json\/wp\/v2\/product_tag?post=9897"}],"curies":[{"name":"wp","href":"https:\/\/api.w.org\/{rel}","templated":true}]}}